{"id":13,"date":"2022-09-27T14:16:55","date_gmt":"2022-09-27T14:16:55","guid":{"rendered":"https:\/\/cvnfront.hu\/cart\/"},"modified":"2024-04-15T07:26:29","modified_gmt":"2024-04-15T05:26:29","slug":"kosar","status":"publish","type":"page","link":"https:\/\/cvnfront.hu\/de\/kosar\/","title":{"rendered":"Aj\u00e1nlatk\u00e9r\u00e9s \u00f6ssze\u00e1ll\u00edt\u00e1sa"},"content":{"rendered":"","protected":false},"excerpt":{"rendered":"","protected":false},"author":1,"featured_media":0,"parent":0,"menu_order":0,"comment_status":"closed","ping_status":"closed","template":"","meta":{"footnotes":""},"class_list":["post-13","page","type-page","status-publish","hentry"],"_links":{"self":[{"href":"https:\/\/cvnfront.hu\/de\/wp-json\/wp\/v2\/pages\/13","targetHints":{"allow":["GET"]}}],"collection":[{"href":"https:\/\/cvnfront.hu\/de\/wp-json\/wp\/v2\/pages"}],"about":[{"href":"https:\/\/cvnfront.hu\/de\/wp-json\/wp\/v2\/types\/page"}],"author":[{"embeddable":true,"href":"https:\/\/cvnfront.hu\/de\/wp-json\/wp\/v2\/users\/1"}],"replies":[{"embeddable":true,"href":"https:\/\/cvnfront.hu\/de\/wp-json\/wp\/v2\/comments?post=13"}],"version-history":[{"count":2,"href":"https:\/\/cvnfront.hu\/de\/wp-json\/wp\/v2\/pages\/13\/revisions"}],"predecessor-version":[{"id":5845,"href":"https:\/\/cvnfront.hu\/de\/wp-json\/wp\/v2\/pages\/13\/revisions\/5845"}],"wp:attachment":[{"href":"https:\/\/cvnfront.hu\/de\/wp-json\/wp\/v2\/media?parent=13"}],"curies":[{"name":"wp","href":"https:\/\/api.w.org\/{rel}","templated":true}]}}