{"id":4339,"date":"2022-11-16T21:17:40","date_gmt":"2022-11-16T21:17:40","guid":{"rendered":"https:\/\/cvnfront.hu\/?page_id=4339"},"modified":"2022-11-16T21:17:40","modified_gmt":"2022-11-16T21:17:40","slug":"adatvedelem","status":"publish","type":"page","link":"https:\/\/cvnfront.hu\/de\/adatvedelem\/","title":{"rendered":"Datenschutz"},"content":{"rendered":"<p><strong>Datenschutz<\/strong><\/p>\n<p>Der letzte Termin f\u00fcr die \u00c4nderung der Richtlinien ist der 12. November 2022.<\/p>\n<p><strong>Einf\u00fchrung<\/strong><\/p>\n<p>A <strong>CVN Front Ltd.<\/strong> ist der Achtung der Rechte des Einzelnen verpflichtet.<\/p>\n<p>Unsere Datenschutzpolitik ist eindeutig: Wir erheben \u00fcber unsere Websites keine personenbezogenen Daten, es sei denn, der Besucher der Website stellt sie freiwillig zur Verf\u00fcgung. Personenbezogene Daten sind im Gesetz LXIII von 1992 definiert.<\/p>\n<p>In den folgenden Datenschutzhinweisen erl\u00e4utern wir, wie die <strong>CVN Front Ltd.<\/strong> wie wir personenbezogene Daten sammeln, wie wir sie verwenden, welche M\u00f6glichkeiten Sie haben, wie wir die Daten verwenden, und wie wir sicherstellen, dass Ihre Daten angemessen gesch\u00fctzt werden.<\/p>\n<p>Durch die Nutzung unserer Website erkl\u00e4ren Sie sich mit dieser Datenschutzrichtlinie einverstanden und stimmen zu, dass wir Ihre pers\u00f6nlichen Daten in \u00dcbereinstimmung mit dieser Datenschutzrichtlinie verarbeiten.<\/p>\n<p>Der f\u00fcr die Verarbeitung Ihrer Daten Verantwortliche ist die <strong>CVN Front Ltd.<\/strong> (Sitz: 2119 P\u00e9cel, Hat\u00e1r u. 3., im Folgenden \"f\u00fcr die Verarbeitung Verantwortlicher\" genannt oder <strong>CVN Front Ltd.<\/strong>Der f\u00fcr die Datenverarbeitung Verantwortliche handelt in \u00dcbereinstimmung mit den geltenden ungarischen Rechtsvorschriften, insbesondere dem Gesetz LXIII von 1992 und dem Gesetz CVIII von 2001, in Bezug auf die Datenverarbeitung und den Umgang mit Daten in Ungarn.<\/p>\n<p>Wenn Sie unsere Website besuchen, k\u00f6nnen wir Informationen \u00fcber Sie sammeln und speichern, die Sie freiwillig ausw\u00e4hlen oder uns zur Verf\u00fcgung stellen, darunter auch personenbezogene Daten. In solchen F\u00e4llen werden wir Sie um Ihre Zustimmung zur Verarbeitung der Daten bitten. Der Zweck der Verarbeitung Ihrer personenbezogenen Daten besteht darin, Ihnen die von Ihnen angeforderten Dienste zur Verf\u00fcgung zu stellen und Ihnen Produktinformationen und Angebote auf personalisierte Weise anzuzeigen. Wir k\u00f6nnen Ihre personenbezogenen Daten auch verwenden, um Ihnen zus\u00e4tzliche Informationen \u00fcber unsere anderen Produkte und Dienstleistungen zukommen zu lassen, die f\u00fcr Sie von Interesse sein k\u00f6nnten, wenn Sie dies w\u00fcnschen. In diesem Fall werden wir Sie in dem Bereich unserer Website, in dem die Daten f\u00fcr die oben genannten Zwecke erhoben werden, darauf hinweisen.<\/p>\n<p>Wir verwenden Ihre personenbezogenen Daten nur f\u00fcr die Zwecke des von Ihnen gew\u00e4hlten Dienstes, in \u00dcbereinstimmung mit der von Ihnen erteilten Zustimmung und innerhalb der Grenzen dieser Zustimmung. Die Verarbeitung wird in allen Phasen mit diesem Zweck \u00fcbereinstimmen. Die Rechtsgrundlage f\u00fcr die Verarbeitung durch den f\u00fcr die Verarbeitung Verantwortlichen ist die informierte Einwilligung der betroffenen Person, die diese durch die Annahme der Registrierungsbedingungen der Website oder durch den Beginn der Nutzung der Website erteilt hat.<\/p>\n<p><strong>Nutzung von Informationen<\/strong><\/p>\n<p>Wenn Sie f\u00fcr den Zugang zu einem bestimmten Inhalt oder Dienst personenbezogene Daten angeben m\u00fcssen, werden wir Sie klar dar\u00fcber informieren, wie wir diese Daten verwenden werden.<\/p>\n<p>Wir verkaufen, tauschen oder vermieten Ihre pers\u00f6nlichen Daten nicht. Wir k\u00f6nnen Ihre Informationen jedoch weitergeben an <strong>CVN Front Ltd.<\/strong> mit anderen Einrichtungen, Organisationen, Vertretern, Auftragnehmern oder Gesch\u00e4ftspartnern, um diese Personen und Organisationen in die Lage zu versetzen, Dienstleistungen f\u00fcr uns zu erbringen. Beispielsweise k\u00f6nnen wir Ihre personenbezogenen Daten an unsere Vertragspartner weitergeben, mit denen wir zur Unterst\u00fctzung unserer Aktivit\u00e4ten in Beziehung stehen (z. B. Paketzustellung, technische Unterst\u00fctzung, Zustellung, Finanzinstitute), oder wenn dies durch geltendes Recht oder eine g\u00fcltige gerichtliche oder beh\u00f6rdliche Anordnung erforderlich ist.<\/p>\n<p>Dar\u00fcber hinaus k\u00f6nnen wir Forschungsarbeiten durchf\u00fchren und Ihre Daten mit anderen kombinieren, um anonyme, zusammengefasste und statistische Datens\u00e4tze zu erstellen. Zusammengefasste und statistische Daten enthalten keine pers\u00f6nlich identifizierbaren Informationen. Wir verwenden sie (z. B. den Anteil m\u00e4nnlicher und weiblicher Besucher oder die Altersverteilung der Besucher), um den Inhalt unserer Website zu verbessern. Wir k\u00f6nnen diese anonymen, zusammengefassten oder statistischen Daten, die keine pers\u00f6nlichen Angaben enthalten, auch an unsere Partner oder Dritte weitergeben.<\/p>\n<p>Da sich unser Unternehmen ver\u00e4ndert und w\u00e4chst, ist es m\u00f6glich, dass die <strong>CVN Front Ltd.<\/strong> in Zukunft Unternehmen, Tochtergesellschaften, Produkte oder Verm\u00f6genswerte zu verkaufen oder zu kaufen. Bei solchen Transaktionen sind Kunden-\/K\u00e4uferinformationen in der Regel Bestandteil der \u00fcbertragenen Verm\u00f6genswerte. Wenn die <strong>CVN Front Ltd.<\/strong> einen Gesch\u00e4fts\u00fcbergang durchl\u00e4uft (z. B. eine Fusion, eine \u00dcbernahme durch andere Unternehmen oder den Verkauf einiger oder aller Produkte oder Verm\u00f6genswerte), k\u00f6nnen Ihre personenbezogenen Daten ebenfalls \u00fcbertragen werden. Wir werden uns nach besten Kr\u00e4ften bem\u00fchen, Sie per E-Mail, Brief oder \u00f6ffentlicher Bekanntmachung \u00fcber \u00c4nderungen im Umgang mit Ihren personenbezogenen Daten zu informieren. Zum Zeitpunkt der Benachrichtigung lassen wir Ihnen die Wahl, ob wir Ihre personenbezogenen Daten f\u00fcr sekund\u00e4re Zwecke wie die Zusendung von Produktinformationen, Forschungsergebnissen, Werbeaktionen oder andere legitime Gesch\u00e4ftsmitteilungen verwenden d\u00fcrfen.<\/p>\n<p><strong>Erkl\u00e4rung der Zustimmung<\/strong><\/p>\n<p>A <strong>CVN Front Ltd.<\/strong> ist der Ansicht, dass die Einwilligungserkl\u00e4rung einer der wichtigsten Basisrechtsakte des Pers\u00f6nlichkeitsrechts ist. Sie haben das Recht, uns keine personenbezogenen Daten \u00fcber sich selbst zu \u00fcbermitteln (in diesem Fall haben Sie jedoch m\u00f6glicherweise keinen Zugang zu bestimmten Teilen unserer Website).<\/p>\n<p>Auf der Registrierungsseite, auf der Sie sich f\u00fcr den Erhalt von E-Mail-Benachrichtigungen oder anderen Diensten anmelden, gibt es eine Opt-in-Funktion. Das bedeutet, dass Sie nur dann Informationen und Dienste von uns erhalten, wenn Sie auf eine Schaltfl\u00e4che klicken, die Ihre ausdr\u00fcckliche Zustimmung zum Erhalt dieser Dienste enth\u00e4lt. Wenn wir bestimmte Arten von Mitteilungen und Diensten erhalten, werden wir zun\u00e4chst \u00fcberpr\u00fcfen, ob Sie uns zuvor Ihre ausdr\u00fcckliche Zustimmung zu der Aktivit\u00e4t oder dem Dienst gegeben haben. Wenn Sie sp\u00e4ter entscheiden, dass Sie keine Mitteilungen oder Dienste mehr von uns erhalten m\u00f6chten, k\u00f6nnen Sie dies angeben, indem Sie Ihre Pr\u00e4ferenzen auf der entsprechenden Website \u00e4ndern oder Ihre Daten endg\u00fcltig aus dem System l\u00f6schen. Dar\u00fcber hinaus enth\u00e4lt jede unserer E-Mail-Nachrichten einen Link, \u00fcber den Sie sich aus der Liste der Abonnenten oder Nutzer des Dienstes austragen k\u00f6nnen.<\/p>\n<p><strong>Zugang zur Einsicht, Berichtigung und L\u00f6schung von Daten<\/strong><\/p>\n<p>A\u00a0<strong>CVN Front Ltd.<\/strong>Ihre personenbezogenen Daten nur f\u00fcr Zwecke zu verwenden, f\u00fcr die Sie zuvor Ihre Zustimmung gegeben haben. A <strong>CVN Front Ltd.<\/strong> die Daten nur f\u00fcr Zwecke zu verwenden, die mit dem Zweck, f\u00fcr den die Daten erhoben wurden, vereinbar sind. Wir gew\u00e4hren den Nutzern Zugang zu den von ihnen bereitgestellten personenbezogenen Daten.<\/p>\n<p>Auf einigen unserer Websites k\u00f6nnen Sie auf Ihr Datenprofil oder Ihre Einstellungen zugreifen und die dort gespeicherten Informationen und Einstellungen lesen und ggf. \u00e4ndern.<\/p>\n<p><strong>Sicherheit der Daten<\/strong><\/p>\n<p>Wir verpflichten uns, Ihre pers\u00f6nlichen Daten sicher aufzubewahren und werden alle angemessenen Vorsichtsma\u00dfnahmen ergreifen, die die Datenschutzgesetze vorschreiben, um die Datensicherheit jederzeit zu gew\u00e4hrleisten.<\/p>\n<p>Wir setzen angemessene technische und verwaltungstechnische Sicherheitsma\u00dfnahmen ein, um die auf unseren Servern gespeicherten personenbezogenen Daten vor unbefugtem Zugriff und Zerst\u00f6rung zu sch\u00fctzen.<\/p>\n<p>Obwohl der f\u00fcr die Verarbeitung Verantwortliche technische und administrative Ma\u00dfnahmen ergreift, um personenbezogene Daten zu sch\u00fctzen, k\u00f6nnen wir keine absolute Sicherheit gegen Personen garantieren, die versuchen, die Datensicherheitsma\u00dfnahmen zu umgehen oder Daten im Internet zu missbrauchen.<\/p>\n<p><strong>Dauer der Speicherung von personenbezogenen Daten<\/strong><\/p>\n<p>Wenn Sie ein <strong>CVN Front Ltd.<\/strong> Wenn Sie uns personenbezogene Daten zur Verf\u00fcgung gestellt haben, erfolgt die Datenverarbeitung durch den f\u00fcr die Verarbeitung Verantwortlichen f\u00fcr die Dauer unserer Kundenbeziehung zu Ihnen, d. h. wir verarbeiten die Daten so lange, wie es f\u00fcr die Erbringung der von Ihnen angeforderten Dienstleistung erforderlich ist, es sei denn, Sie haben etwas anderes verlangt oder gesetzliche Verpflichtungen erfordern einen k\u00fcrzeren Zeitraum.<\/p>\n<p><strong>Cookies (\"Kekse\", kleine Textdateien)<\/strong><\/p>\n<p>Cookies sind anonyme Besucherkennungen, die unsere Website an Ihren Browser weitergeben kann und die von unseren Websites nur verwendet werden, w\u00e4hrend Sie sie besuchen. A <strong>CVN Front Ltd.<\/strong> Websites \u00fcbermitteln Ihrem Webbrowser Cookies, die eine spezielle Kennung enthalten. Diese werden verwendet, um in zusammengefasster Form mehr \u00fcber Ihr Nutzungsverhalten auf der Website zu erfahren und so zu lernen, welche Seiten unserer Website von den Besuchern bevorzugt werden (z. B. durch die Anzahl der Besucher in einem bestimmten Bereich). Solche Signalsequenzen sind an sich nicht in der Lage, Besucher in irgendeiner Weise zu identifizieren, da sie keine Daten enthalten, die mit Besuchern in Verbindung gebracht werden k\u00f6nnen. Ein anonymer Besucheridentifikator ist lediglich in der Lage, den Computer des Besuchers zu identifizieren.<\/p>\n<p>A <strong>CVN Front Ltd.<\/strong> kann nur Cookies lesen, die Sie selbst gesetzt haben. Der f\u00fcr die Datenverarbeitung Verantwortliche hat keinen Zugang zu Cookies, die von anderen Organisationen gesetzt wurden, und kann diese auch nicht lesen. Wir k\u00f6nnen Cookies auch verwenden, um die Nutzung der Website und Trends im Datenverkehr auf einer aggregierten Basis zu verfolgen. Diese zusammengefassten und anonymen Informationen helfen uns, den Inhalt der Website zu verbessern, und wir sind berechtigt, sie mit unseren Partnern oder anderen Organisationen zu teilen.<\/p>\n<p>Wenn Sie ein registrierter Nutzer der Website sind, k\u00f6nnen wir Ihnen beim Einloggen auf der Website ein Cookie zur Verf\u00fcgung stellen, das Ihr Browser speichert und das die Kennung Ihres Computers enth\u00e4lt. Wir verwenden dieses Cookie, um Sie zu identifizieren und Ihnen Zugang zu eingeschr\u00e4nkten Bereichen unserer Website zu geben, die nur registrierte Benutzer besuchen k\u00f6nnen, \u00e4hnlich wie bei der Anzeige und Verwaltung Ihres Kontos.<\/p>\n<p>Wenn Sie einfach nur surfen wollen, m\u00fcssen Sie die Cookies, die Sie auf unserer Website erhalten, nicht akzeptieren. Wenn Sie sich sp\u00e4ter registrieren und anmelden m\u00f6chten, um auf bestimmte Bereiche der Website zuzugreifen, aber Ihren Browser so eingestellt haben, dass er keine Cookies akzeptiert, m\u00fcssen Sie Ihren Browser erneut so einstellen, dass er die von uns gesendeten Cookies akzeptiert. Andernfalls sind wir nicht in der Lage, Ihnen den Zugang zu bestimmten Teilen der Website zu erm\u00f6glichen. Die meisten Browser sind standardm\u00e4\u00dfig so eingestellt, dass sie Cookies akzeptieren und aufbewahren. Wenn Sie mehr \u00fcber Cookies wissen m\u00f6chten und wissen wollen, wie Sie Ihre Cookie-Einstellungen vornehmen k\u00f6nnen, suchen Sie bitte in der \"Hilfe\" Ihres Browsers nach dem Wort \"Cookie\".<\/p>\n<p><strong>IP-Adressen<\/strong><\/p>\n<p>Eine IP-Adresse (Internet Protocol) ist eine Nummer, die Ihr Internetdienstanbieter (ISP) Ihrem Computer automatisch zuweist, wenn Sie eine Verbindung zum Internet herstellen. Wie andere Websites auch, ist die <strong>CVN Front Ltd.<\/strong> kann auch IP-Adressen sammeln, um die gesammelten Informationen \u00fcber die Anzahl der Besucher und die Nutzung der Website zu analysieren.<\/p>\n<p>Die Protokolldateien der IP-Adressen werden t\u00e4glich aktualisiert, es werden Statistiken erstellt und die monatlichen Protokolldateien werden 365 Tage lang auf einem von dem f\u00fcr die Verarbeitung Verantwortlichen betriebenen Server gespeichert. Die IP-Adressen werden von dem f\u00fcr die Verarbeitung Verantwortlichen nicht mit anderen Daten verkn\u00fcpft, die zur Identifizierung des Nutzers verwendet werden k\u00f6nnten.<\/p>\n<p>A <strong>CVN Front Ltd.<\/strong> beh\u00e4lt sich das Recht vor, IP-Adressen zu verwenden, um Personen zu identifizieren, die eine Bedrohung f\u00fcr unsere Website, unsere Dienstleistungen oder unsere Kunden darstellen, in \u00dcbereinstimmung mit dem Gesetz.<\/p>\n<p><strong>Klickstrom (Klick)<\/strong><\/p>\n<p>\"Clickstream\" oder \"Clickstream-Daten\" beziehen sich auf Webseiten, die ein einzelner Nutzer besucht hat, und sind auch ein wichtiges Merkmal f\u00fcr die Art und Weise, wie ein Nutzer von einer Webseite zur anderen springt. Solche Informationen werden nur auf unserer Website aufgezeichnet. Wir verfolgen keine Klick-Aktivit\u00e4ten au\u00dferhalb der Seiten unserer Website.<\/p>\n<p><strong>Weitere Merkmale unserer Dienstleistungen<\/strong><\/p>\n<p>Unsere Websites k\u00f6nnen verschiedene Funktionen enthalten, die dazu dienen, Ihnen Dienstleistungen anzubieten und uns zu helfen, die Bed\u00fcrfnisse unserer Nutzer besser zu verstehen. So k\u00f6nnen wir Sie zum Beispiel gelegentlich um personenbezogene Daten bitten, wenn Sie eine Umfrage ausf\u00fcllen oder an einem Preisausschreiben teilnehmen. In anderen F\u00e4llen k\u00f6nnen wir Ihnen andere webbasierte Dienste anbieten, wie z. B. Newsletter, Produktinformationen und Erinnerungshilfen.<\/p>\n<p><strong>Verwendung des Inhalts<\/strong><\/p>\n<p>A <strong>CVN Front Ltd.<\/strong> Die Nutzung des Online-Dienstes unterliegt den in den Nutzungsbedingungen dargelegten Bestimmungen und Bedingungen.<\/p>\n<p><strong>Verlassen der Website der CVN Front Ltd<\/strong><\/p>\n<p>Wir stellen unseren Besuchern Links zu anderen Websites zur Verf\u00fcgung. Wir k\u00f6nnen nicht f\u00fcr die Qualit\u00e4t von Websites garantieren, auf die wir verlinken, und wir \u00fcbernehmen keine Verantwortung f\u00fcr den Inhalt von Websites, die nicht von uns erstellt wurden. <strong>CVN Front Ltd.<\/strong> f\u00fcr den Inhalt von Websites, deren Eigent\u00fcmer wir sind. Links zu externen Websites werden nur aus Gr\u00fcnden der Bequemlichkeit und\/oder zu Informationszwecken zur Verf\u00fcgung gestellt und bedeuten in keiner Weise eine Billigung durch uns.<\/p>\n<p>Bitte beachten Sie, dass Websites, die von Werbetreibenden oder anderen Organisationen betrieben werden und \u00fcber Links von unseren Websites aus zug\u00e4nglich sind, m\u00f6glicherweise personenbezogene Daten \u00fcber Sie sammeln. Die Datenschutzpraktiken von Websites, die \u00fcber Werbung oder Hyperlinks von unseren Websites aus zug\u00e4nglich sind, werden von dieser Datenschutzrichtlinie nicht erfasst. Wir empfehlen, dass Sie, wenn Sie \u00fcber einen Link auf eine andere Website gehen, immer die Datenschutzerkl\u00e4rung dieser Website lesen sollten, bevor Sie personenbezogene Daten \u00fcber sich selbst angeben.<\/p>\n<p><strong>\u00c4nderungen der Datenschutzrichtlinien<\/strong><\/p>\n<p>Der f\u00fcr die Verarbeitung Verantwortliche beh\u00e4lt sich das Recht vor, diese Datenschutzrichtlinie von Zeit zu Zeit zu \u00e4ndern. Durch die Nutzung der Website erkennen Sie an, dass der f\u00fcr die Datenverarbeitung Verantwortliche diese Richtlinie ohne vorherige Ank\u00fcndigung \u00e4ndern kann. Sie erkennen auch an, dass wir uns verpflichtet haben, \u00c4nderungen auf dieser Seite zu ver\u00f6ffentlichen. Dadurch werden Sie dar\u00fcber informiert, welche Arten von Informationen wir sammeln, wie wir sie verwenden und unter welchen Umst\u00e4nden wir sie gegebenenfalls weitergeben. \u00c4nderungen an der Datenschutzerkl\u00e4rung werden vom f\u00fcr die Verarbeitung Verantwortlichen zeitgleich mit der Ver\u00f6ffentlichung der aktuellen Version bekannt gegeben. Wir empfehlen Ihnen, bei jedem Besuch dieser Website unsere Webseite zum Datenschutz zu besuchen, um sich \u00fcber etwaige \u00c4nderungen zu informieren.<\/p>\n<p><strong>Die Rechte der Kinder als Individuen<\/strong><\/p>\n<p>A <strong>CVN Front Ltd.<\/strong> Seine Websites sind f\u00fcr Personen \u00fcber 18 Jahren und nicht f\u00fcr Kinder bestimmt. Wir sammeln nicht wissentlich pers\u00f6nlich identifizierbare Informationen von dieser Altersgruppe.<\/p>\n<p><strong>Kontaktaufnahme mit dem f\u00fcr die Verarbeitung Verantwortlichen<\/strong><\/p>\n<p>Betreiber und Verantwortlicher f\u00fcr den Inhalt dieser Website ist <strong>CVN Front Ltd.<\/strong><\/p>\n<p>Wenn die oben genannten Leitlinien und die <strong>CVN Front Ltd.<\/strong> Wenn Sie Fragen zu unseren Praktiken der Datenerfassung, -verwendung und -weitergabe haben, k\u00f6nnen Sie uns unter folgender Adresse kontaktieren:<\/p>\n<p>Name des Unternehmens: <strong>CVN Front Ltd.<\/strong> <br \/>Der eingetragene Sitz des Unternehmens ist H-2119 P\u00e9cel, Hat\u00e1r u. 3.<\/p>\n<p>Wenn Sie sich mit uns in Verbindung setzen, geben Sie bitte den Namen der betreffenden Website oder sonstigen Online-Informationsquelle und die Art der Informationen an, an denen Sie interessiert sind. Wir werden unser Bestes tun, um umgehend auf Ihre Bedenken und Fragen bez\u00fcglich der Verwendung Ihrer personenbezogenen Daten zu reagieren. Sofern nicht gesetzlich vorgeschrieben, werden wir Ihre personenbezogenen Daten nicht verwenden, um <strong>CVN Front Ltd.<\/strong> gibt keine Antworten oder Kommentare zu Bereichen, die nicht durch diese Leitlinien oder die <strong>CVN Front Ltd.<\/strong> stehen nicht im Zusammenhang mit den Datenverwaltungspraktiken von.<\/p>\n<p>&nbsp;<\/p>","protected":false},"excerpt":{"rendered":"<p>Adatv\u00e9delem Az ir\u00e1nyelvek utols\u00f3 m\u00f3dos\u00edt\u00e1s\u00e1nak id\u0151pontja 2022. november 12. Bevezet\u00e9s A CVN Front Kft. elk\u00f6telezett a szem\u00e9lyis\u00e9gi jogok tiszteletben tart\u00e1s\u00e1\u00e9rt. Adatv\u00e9delmi Ir\u00e1nyelveink egy\u00e9rtelm\u0171ek: honlapjainkon kereszt\u00fcl nem gy\u0171jt\u00fcnk szem\u00e9lyes adatokat, kiv\u00e9ve amennyiben az adott [&hellip;]<\/p>\n","protected":false},"author":1,"featured_media":0,"parent":0,"menu_order":0,"comment_status":"closed","ping_status":"closed","template":"","meta":{"footnotes":""},"class_list":["post-4339","page","type-page","status-publish","hentry"],"_links":{"self":[{"href":"https:\/\/cvnfront.hu\/de\/wp-json\/wp\/v2\/pages\/4339","targetHints":{"allow":["GET"]}}],"collection":[{"href":"https:\/\/cvnfront.hu\/de\/wp-json\/wp\/v2\/pages"}],"about":[{"href":"https:\/\/cvnfront.hu\/de\/wp-json\/wp\/v2\/types\/page"}],"author":[{"embeddable":true,"href":"https:\/\/cvnfront.hu\/de\/wp-json\/wp\/v2\/users\/1"}],"replies":[{"embeddable":true,"href":"https:\/\/cvnfront.hu\/de\/wp-json\/wp\/v2\/comments?post=4339"}],"version-history":[{"count":1,"href":"https:\/\/cvnfront.hu\/de\/wp-json\/wp\/v2\/pages\/4339\/revisions"}],"predecessor-version":[{"id":4340,"href":"https:\/\/cvnfront.hu\/de\/wp-json\/wp\/v2\/pages\/4339\/revisions\/4340"}],"wp:attachment":[{"href":"https:\/\/cvnfront.hu\/de\/wp-json\/wp\/v2\/media?parent=4339"}],"curies":[{"name":"wp","href":"https:\/\/api.w.org\/{rel}","templated":true}]}}