{"id":4419,"date":"2022-11-21T07:14:32","date_gmt":"2022-11-21T07:14:32","guid":{"rendered":"https:\/\/cvnfront.hu\/?page_id=4419"},"modified":"2025-03-04T09:38:34","modified_gmt":"2025-03-04T07:38:34","slug":"szallitas","status":"publish","type":"page","link":"https:\/\/cvnfront.hu\/de\/szallitas\/","title":{"rendered":"Versand"},"content":{"rendered":"<p>Kapcsolatfelv\u00e9tel<\/p>\n<h2>Van k\u00e9rd\u00e9se?<br \/>\nSz\u00edvesen seg\u00edt\u00fcnk!<\/h2>\n<h3>Nyitvatart\u00e1s<\/h3>\n<p>H\u00e9tf\u0151 &#8211; P\u00e9ntek 8:00 &#8211; 16:00<\/p>\n<h3>Telefon<\/h3>\n<p>+36 20 3187779<\/p>\n<p><div id=\"quform-475081\" class=\"quform quform-4 quform-support-page-caching\"><form id=\"quform-form-475081\" class=\"quform-form quform-form-4\" action=\"\/de\/wp-json\/wp\/v2\/pages\/4419#quform-475081\" method=\"post\" enctype=\"multipart\/form-data\" novalidate=\"novalidate\" data-options=\"{&quot;id&quot;:4,&quot;uniqueId&quot;:&quot;475081&quot;,&quot;theme&quot;:&quot;&quot;,&quot;ajax&quot;:true,&quot;logic&quot;:{&quot;logic&quot;:[],&quot;dependents&quot;:[],&quot;elementIds&quot;:[],&quot;dependentElementIds&quot;:[],&quot;animate&quot;:true},&quot;currentPageId&quot;:1,&quot;errorsIcon&quot;:&quot;&quot;,&quot;updateFancybox&quot;:true,&quot;hasPages&quot;:false,&quot;pages&quot;:[1],&quot;pageProgressType&quot;:&quot;numbers&quot;,&quot;tooltipsEnabled&quot;:true,&quot;tooltipClasses&quot;:&quot;qtip-quform-dark qtip-shadow&quot;,&quot;tooltipMy&quot;:&quot;left center&quot;,&quot;tooltipAt&quot;:&quot;right center&quot;,&quot;isRtl&quot;:false,&quot;scrollOffset&quot;:-50,&quot;scrollSpeed&quot;:800}\"><button class=\"quform-default-submit\" name=\"quform_submit\" type=\"submit\" value=\"submit\" aria-hidden=\"true\" tabindex=\"-1\"><\/button><div class=\"quform-form-inner quform-form-inner-4\"><input type=\"hidden\" name=\"quform_form_id\" value=\"4\" \/><input type=\"hidden\" name=\"quform_form_uid\" value=\"475081\" \/><input type=\"hidden\" name=\"quform_count\" value=\"1\" \/><input type=\"hidden\" name=\"form_url\" value=\"https:\/\/cvnfront.hu\/de\/wp-json\/wp\/v2\/pages\/4419\" \/><input type=\"hidden\" name=\"referring_url\" value=\"\" \/><input type=\"hidden\" name=\"post_id\" value=\"\" \/><input type=\"hidden\" name=\"post_title\" value=\"\" \/><input type=\"hidden\" name=\"quform_current_page_id\" value=\"1\" \/><input type=\"hidden\" name=\"quform_loaded\" value=\"1777158808|336a4061d93717ae25a491b9ebdf0e0c\" \/><input type=\"hidden\" name=\"quform_csrf_token\" value=\"hemr0I18JSaNKphlAqluvBYm5LbhlMyBpdpLe16d\" \/><div class=\"quform-elements quform-elements-4 quform-cf quform-responsive-elements-phone-landscape\"><div class=\"quform-element quform-element-page quform-page-1 quform-page-4_1 quform-cf quform-group-style-plain quform-first-page quform-last-page quform-current-page\"><div class=\"quform-child-elements\"><div class=\"quform-element quform-element-row quform-element-row-4_9 quform-2-columns quform-element-row-size-fixed quform-responsive-columns-phone-landscape\"><div class=\"quform-element quform-element-column quform-element-4_10\"><div class=\"quform-element quform-element-text quform-element-4_3 quform-cf quform-labels-inside quform-element-required\"><div class=\"quform-spacer\"><div class=\"quform-label quform-label-4_3\"><label class=\"quform-label-text\" for=\"quform_4_3_475081\">N\u00e9v<span class=\"quform-required\">*<\/span><\/label><\/div><div class=\"quform-inner quform-inner-text quform-inner-4_3 quform-field-size-slim\"><div class=\"quform-input quform-input-text quform-input-4_3 quform-cf\"><input type=\"text\" id=\"quform_4_3_475081\" name=\"quform_4_3\" class=\"quform-field quform-field-text quform-field-4_3\" \/><\/div><\/div><\/div><\/div><div class=\"quform-element quform-element-email quform-element-4_4 quform-cf quform-labels-inside quform-element-required\"><div class=\"quform-spacer\"><div class=\"quform-label quform-label-4_4\"><label class=\"quform-label-text\" for=\"quform_4_4_475081\">Email c\u00edm<span class=\"quform-required\">*<\/span><\/label><\/div><div class=\"quform-inner quform-inner-email quform-inner-4_4 quform-field-size-slim\"><div class=\"quform-input quform-input-email quform-input-4_4 quform-cf\"><input type=\"email\" id=\"quform_4_4_475081\" name=\"quform_4_4\" class=\"quform-field quform-field-email quform-field-4_4\" \/><\/div><\/div><\/div><\/div><\/div><div class=\"quform-element quform-element-column quform-element-4_11\"><div class=\"quform-element quform-element-text quform-element-4_5 quform-cf quform-labels-inside quform-element-optional\"><div class=\"quform-spacer\"><div class=\"quform-label quform-label-4_5\"><label class=\"quform-label-text\" for=\"quform_4_5_475081\">Telefonsz\u00e1m<\/label><\/div><div class=\"quform-inner quform-inner-text quform-inner-4_5 quform-field-size-slim\"><div class=\"quform-input quform-input-text quform-input-4_5 quform-cf\"><input type=\"text\" id=\"quform_4_5_475081\" name=\"quform_4_5\" class=\"quform-field quform-field-text quform-field-4_5\" \/><\/div><\/div><\/div><\/div><div class=\"quform-element quform-element-select quform-element-4_12 quform-cf quform-element-optional\"><div class=\"quform-spacer\"><div class=\"quform-inner quform-inner-select quform-inner-4_12 quform-field-size-slim\"><div class=\"quform-input quform-input-select quform-input-4_12 quform-cf\"><select id=\"quform_4_12_475081\" name=\"quform_4_12\" class=\"quform-field quform-field-select quform-field-4_12\"><option value=\"\" selected=\"selected\">Please select<\/option><option value=\"\u00c9rdekl\u0151d\u00f6m b\u00fatorfrontokr\u00f3l\">\u00c9rdekl\u0151d\u00f6m b\u00fatorfrontokr\u00f3l<\/option><option value=\"\u00c9rdekl\u0151d\u00f6m kieg\u00e9sz\u00edt\u0151kr\u0151l\">\u00c9rdekl\u0151d\u00f6m kieg\u00e9sz\u00edt\u0151kr\u0151l<\/option><\/select><\/div><\/div><\/div><\/div><\/div><\/div><div class=\"quform-element quform-element-textarea quform-element-4_6 quform-cf quform-labels-inside quform-element-optional\"><div class=\"quform-spacer\"><div class=\"quform-label quform-label-4_6\"><label class=\"quform-label-text\" for=\"quform_4_6_475081\">\u00dczenet<\/label><\/div><div class=\"quform-inner quform-inner-textarea quform-inner-4_6 quform-field-size-slim\"><div class=\"quform-input quform-input-textarea quform-input-4_6 quform-cf\"><textarea id=\"quform_4_6_475081\" name=\"quform_4_6\" class=\"quform-field quform-field-textarea quform-field-4_6\"><\/textarea><\/div><\/div><\/div><\/div><div class=\"quform-element quform-element-textarea quform-element-4_288259 quform-sr-only quform-cf\" style=\"clip: rect(1px, 1px, 1px, 1px); clip-path: inset(50%); position: absolute !important; height: 1px; width: 1px; overflow: hidden;\"><div class=\"quform-spacer\"><div class=\"quform-label quform-label-4_288259\"><label class=\"quform-label-text\" for=\"quform_4_288259_475081\">Phone Number<span class=\"quform-required\">*<\/span><\/label><\/div><div class=\"quform-inner quform-inner-4_288259\"><textarea id=\"quform_4_288259_475081\" name=\"quform_4_288259\" class=\"quform-field quform-field-textarea quform-field-4_288259\" tabindex=\"-1\" autocomplete=\"new-password\"><\/textarea><\/div><\/div><\/div><div class=\"quform-element quform-element-row quform-element-row-4_13 quform-2-columns quform-element-row-size-fixed quform-responsive-columns-phone-landscape\"><div class=\"quform-element quform-element-column quform-element-4_14\"><div class=\"quform-element quform-element-checkbox quform-element-4_7 quform-cf quform-element-required\"><div class=\"quform-spacer\"><div class=\"quform-inner quform-inner-checkbox quform-inner-4_7 quform-field-size-slim\"><div class=\"quform-input quform-input-checkbox quform-input-4_7 quform-cf\"><div class=\"quform-options quform-cf quform-options-block quform-options-simple\"><div class=\"quform-option\"><input type=\"checkbox\" name=\"quform_4_7[]\" id=\"quform_4_7_475081_1\" class=\"quform-field quform-field-checkbox quform-field-4_7 quform-field-4_7_1\" value=\"Az \u0171rlap haszn\u00e1lat\u00e1val \u00d6n elfogadja, hogy a be\u00edrt adatai \u00e9s \u00fczenete a weboldalon elt\u00e1rol\u00e1sra ker\u00fcl.\" \/><label for=\"quform_4_7_475081_1\" class=\"quform-option-label quform-option-label-4_7_1\"><span class=\"quform-option-text\">Az \u0171rlap haszn\u00e1lat\u00e1val \u00d6n elfogadja, hogy a be\u00edrt adatai \u00e9s \u00fczenete a weboldalon elt\u00e1rol\u00e1sra ker\u00fcl.<\/span><\/label><\/div><\/div><\/div><\/div><\/div><\/div><\/div><div class=\"quform-element quform-element-column quform-element-4_15\"><div class=\"quform-element quform-element-captcha quform-element-4_8 quform-cf quform-labels-inside quform-element-required\"><div class=\"quform-spacer\"><div class=\"quform-label quform-label-4_8\"><label class=\"quform-label-text\" for=\"quform_4_8_475081\">K\u00e9rj\u00fck \u00edrja be a megjelent karaktereket<span class=\"quform-required\">*<\/span><\/label><\/div><div class=\"quform-inner quform-inner-captcha quform-inner-4_8 quform-field-size-slim\"><div class=\"quform-input quform-input-captcha quform-input-4_8 quform-cf\"><input type=\"text\" id=\"quform_4_8_475081\" name=\"quform_4_8\" class=\"quform-field quform-field-captcha quform-field-4_8\" \/><\/div><div class=\"quform-captcha quform-cf\"><div class=\"quform-captcha-image quform-captcha-image-4_8\"><img decoding=\"async\" class=\"quform-captcha-image-img\" src=\"data:image\/png;base64,iVBORw0KGgoAAAANSUhEUgAAAOYAAABQBAMAAAD\/1xTgAAAAG1BMVEX\/\/\/8iIiJZWVl0dHSQkJA9PT2srKzHx8fj4+NLNtxYAAAAAnRSTlMAAHaTzTgAAAAJcEhZcwAADsQAAA7EAZUrDhsAAANhSURBVGiB7VdNU9swEHVsx9ax68ShR8y0wBEH6PSYtHz0WAeYcoyZgV5J26Ec7TIBfnZXUgqSbCzFpe10Ru8QgqLnt6td7a4dx8LCwsLCwsLCQoObN3\/s0eT+e1G3HgKsNhLvrvYu20kGAPCx7ocuQL+J6CLxZTvN7lPUEiBqIuZIXPkHmoN2mkH2hLmu5pHuJGk+\/CaU9ZokgVEzsQs9\/iWUc+nq2kjz23BH5p1PDomO6uLhk6u997tyEDyALb3m4AvGJhZFCS5Ehxqih1opMIjc3CDOHYgYTwxOyFaKZqIPMeGSwk5SZJE+zp0FD6bC4r5qfQ3wajuMOHmsWEE2gNVMe4fobTm+SJUrc5tp\/cTDKN4N5bSnZ711qyEyTcw\/kv3KwgUSiOV9RH1SSE9iLh2HT93uOVq4vLDOFb\/U0ndWSUcM5hRNFROmZGc9MtGcchOnwmqolApaXhXH0azRXGaNoX99blCGPe4gkf1AE148\/vf1NFWzDJHBSKlFKW4JDUqit7A\/k3qXK7Qyso\/XqV+M1cNNYKhEYAz4sYRmKvW0rhAWl\/tY0Uwr0ZthQi3jp6xZCvnIYxlWLk9aqSVd2HRM4unXauaCAjmgewh8UphjzLOZ5CiuZAbllmYL+5tI8UylLCV0z73KRLsuA9FRXjIN7qf\/kLeCwY5SIpK6QjijkcuFdPbgKIEjgynJ52K+VFCI0hzyuovOOq\/oqGdwrAxIOmVGi4cZKuW3rBvUOswujOH6YgIMoLf9+mSia4JMMyrop+iYr0yDbt0wgYMCKYJdeBypEt6hNg00IRpmoJaELXlTNTPu6BjWnzGVwQMNaopkBSHUbOyolbr6HI+zchD8LOH42glTXed90HwrLs7Ujo2VlMg83uujEuK17YOCr2U9\/stUo0mg9wPJG9LieHFpBSNeZXJSsnOMN8hn0Xzmb67109nfdO4ulF2JOlDTaWJVtnVt50IZDQnr\/mfNw3gNbiZUPlM6dpAok2E9cLg4AX73lgFr\/EQd7vGsewb1ZW5a\/CQE7DUlUF9iUlg3YRO8rPF6saSmx8x01eDdfDDk31c6gZHmCivco+W5beHTmkJL09+TpHMuxO1fLduB10\/TpvQ8CJM26f67opjvJr3+eUFa5LuFhYWFhYWFxX+Gn2vtgCvkBA8nAAAAAElFTkSuQmCC\" alt=\"CAPTCHA image\" data-element-id=\"8\" width=\"115\" height=\"40\" \/><\/div><\/div><p class=\"quform-description quform-description-below\">Seg\u00edt nek\u00fcnk a k\u00e9retlen levelek elker\u00fcl\u00e9s\u00e9ben.<\/p><\/div><\/div><\/div><\/div><\/div><div class=\"quform-element quform-element-submit quform-element-4_2 quform-cf quform-button-style-theme\"><div class=\"quform-button-submit quform-button-submit-default quform-button-submit-4_2\"><button name=\"quform_submit\" type=\"submit\" class=\"quform-submit\" value=\"submit\"><span class=\"quform-button-text quform-button-submit-text\">Send<\/span><\/button><\/div><div class=\"quform-loading quform-loading-position-left quform-loading-type-spinner-1\"><div class=\"quform-loading-inner\"><div class=\"quform-loading-spinner\"><div class=\"quform-loading-spinner-inner\"><\/div><\/div><\/div><\/div><\/div><\/div><\/div><\/div><\/div><\/form><\/div><br \/>\nTisztelt \u00dcgyfel\u00fcnk<\/p>\n<h2>Lehet\u0151s\u00e9g van h\u00e1zhozsz\u00e1ll\u00edt\u00e1sra.<\/h2>\n<h3>Sz\u00e1ll\u00edt\u00e1si \u00e1raink 2025. febru\u00e1r 15-t\u0151l:<\/h3>\n<p>Szem\u00e9lyes \u00e1tv\u00e9tel p\u00e9celi \u00fczem\u00fcnkben: ingyenes<\/p>\n<p>Sz\u00e1ll\u00edt\u00e1si alapd\u00edj 5000 Ft + \u00e1fa \/ alkalom<\/p>\n<p>km d\u00edj: 169 Ft + \u00e1fa \/ km<\/p>\n<p>K\u00fclf\u00f6ldi sz\u00e1ll\u00edt\u00e1s: egyedi \u00e1raz\u00e1s<\/p>\n<p>Kilom\u00e9ter sz\u00e1m\u00edt\u00e1s Google Maps leggyorsabb \u00fatvonal alapj\u00e1n t\u00f6rt\u00e9nik.<\/p>\n<p>Rendel\u00e9sek csomagautomat\u00e1ba vagy fut\u00e1rszolg\u00e1lattal is k\u00e9rhet\u0151ek, azok d\u00edjszab\u00e1sa alapj\u00e1n.<\/p>\n","protected":false},"excerpt":{"rendered":"<p>Kapcsolatfelv\u00e9tel Van k\u00e9rd\u00e9se? Sz\u00edvesen seg\u00edt\u00fcnk! Nyitvatart\u00e1s H\u00e9tf\u0151 &#8211; P\u00e9ntek 8:00 &#8211; 16:00 Telefon +36 20 3187779 Tisztelt \u00dcgyfel\u00fcnk Lehet\u0151s\u00e9g van h\u00e1zhozsz\u00e1ll\u00edt\u00e1sra. Sz\u00e1ll\u00edt\u00e1si \u00e1raink 2025. febru\u00e1r 15-t\u0151l: Szem\u00e9lyes \u00e1tv\u00e9tel p\u00e9celi \u00fczem\u00fcnkben: ingyenes Sz\u00e1ll\u00edt\u00e1si alapd\u00edj [&hellip;]<\/p>\n","protected":false},"author":1,"featured_media":0,"parent":0,"menu_order":0,"comment_status":"closed","ping_status":"closed","template":"","meta":{"footnotes":""},"class_list":["post-4419","page","type-page","status-publish","hentry"],"_links":{"self":[{"href":"https:\/\/cvnfront.hu\/de\/wp-json\/wp\/v2\/pages\/4419","targetHints":{"allow":["GET"]}}],"collection":[{"href":"https:\/\/cvnfront.hu\/de\/wp-json\/wp\/v2\/pages"}],"about":[{"href":"https:\/\/cvnfront.hu\/de\/wp-json\/wp\/v2\/types\/page"}],"author":[{"embeddable":true,"href":"https:\/\/cvnfront.hu\/de\/wp-json\/wp\/v2\/users\/1"}],"replies":[{"embeddable":true,"href":"https:\/\/cvnfront.hu\/de\/wp-json\/wp\/v2\/comments?post=4419"}],"version-history":[{"count":36,"href":"https:\/\/cvnfront.hu\/de\/wp-json\/wp\/v2\/pages\/4419\/revisions"}],"predecessor-version":[{"id":6103,"href":"https:\/\/cvnfront.hu\/de\/wp-json\/wp\/v2\/pages\/4419\/revisions\/6103"}],"wp:attachment":[{"href":"https:\/\/cvnfront.hu\/de\/wp-json\/wp\/v2\/media?parent=4419"}],"curies":[{"name":"wp","href":"https:\/\/api.w.org\/{rel}","templated":true}]}}