{"id":4457,"date":"2023-01-16T09:19:27","date_gmt":"2023-01-16T09:19:27","guid":{"rendered":"https:\/\/cvnfront.hu\/?page_id=4457"},"modified":"2026-04-23T22:27:39","modified_gmt":"2026-04-23T20:27:39","slug":"acrilicio-by-cvn-butorfront","status":"publish","type":"page","link":"https:\/\/cvnfront.hu\/de\/acrilicio-by-cvn-butorfront\/","title":{"rendered":"ACRILICO von CVN M\u00f6belfront"},"content":{"rendered":"<div data-elementor-type=\"wp-page\" data-elementor-id=\"4457\" class=\"elementor elementor-4457\" data-elementor-post-type=\"page\">\n\t\t\t\t\t\t<section class=\"elementor-section elementor-top-section elementor-element elementor-element-17c8433a elementor-section-full_width elementor-section-stretched elementor-section-height-default elementor-section-height-default\" data-id=\"17c8433a\" data-element_type=\"section\" data-e-type=\"section\" data-settings=\"{&quot;stretch_section&quot;:&quot;section-stretched&quot;}\">\n\t\t\t\t\t\t<div class=\"elementor-container elementor-column-gap-default\">\n\t\t\t\t\t<div class=\"elementor-column elementor-col-100 elementor-top-column elementor-element elementor-element-525d1f8d\" data-id=\"525d1f8d\" data-element_type=\"column\" data-e-type=\"column\">\n\t\t\t<div class=\"elementor-widget-wrap elementor-element-populated\">\n\t\t\t\t\t\t<section class=\"elementor-section elementor-inner-section elementor-element elementor-element-3da4be78 elementor-section-boxed elementor-section-height-default elementor-section-height-default\" data-id=\"3da4be78\" data-element_type=\"section\" data-e-type=\"section\">\n\t\t\t\t\t\t<div class=\"elementor-container elementor-column-gap-custom\">\n\t\t\t\t\t<div class=\"elementor-column elementor-col-100 elementor-inner-column elementor-element elementor-element-3a600a86\" data-id=\"3a600a86\" data-element_type=\"column\" data-e-type=\"column\">\n\t\t\t<div class=\"elementor-widget-wrap elementor-element-populated\">\n\t\t\t\t\t\t<div class=\"elementor-element elementor-element-1900014a elementor-widget elementor-widget-tf-heading-section\" data-id=\"1900014a\" data-element_type=\"widget\" data-e-type=\"widget\" data-widget_type=\"tf-heading-section.default\">\n\t\t\t\t<div class=\"elementor-widget-container\">\n\t\t\t\t\t<div id=\"tf-heading-section-1900014a\" class=\"tf-heading-section\" data-tabid=\"1900014a\"> \r\n\t\t\t\t\r\n\t\t\t<div class=\"heading-section\">\r\n\t\t\t\t<div class=\"before-title\">CVN FRONT<\/div>\r\n\t\t\t\t<h2 class=\"heading\">ACRILICO BY CVN M\u00f6belfront Produktbeschreibung<\/h2>\r\n\t\t\t<\/div>                \r\n            <\/div>\t\t\t\t<\/div>\n\t\t\t\t<\/div>\n\t\t\t\t\t<\/div>\n\t\t<\/div>\n\t\t\t\t\t<\/div>\n\t\t<\/section>\n\t\t\t\t\t<\/div>\n\t\t<\/div>\n\t\t\t\t\t<\/div>\n\t\t<\/section>\n\t\t\t\t<section class=\"elementor-section elementor-top-section elementor-element elementor-element-dab5c91 elementor-section-boxed elementor-section-height-default elementor-section-height-default\" data-id=\"dab5c91\" data-element_type=\"section\" data-e-type=\"section\">\n\t\t\t\t\t\t<div class=\"elementor-container elementor-column-gap-default\">\n\t\t\t\t\t<div class=\"elementor-column elementor-col-100 elementor-top-column elementor-element elementor-element-653e8cb4\" data-id=\"653e8cb4\" data-element_type=\"column\" data-e-type=\"column\">\n\t\t\t<div class=\"elementor-widget-wrap elementor-element-populated\">\n\t\t\t\t\t\t<div class=\"elementor-element elementor-element-3813901 elementor-position-top elementor-widget elementor-widget-image-box\" data-id=\"3813901\" data-element_type=\"widget\" data-e-type=\"widget\" data-widget_type=\"image-box.default\">\n\t\t\t\t<div class=\"elementor-widget-container\">\n\t\t\t\t\t<div class=\"elementor-image-box-wrapper\"><figure class=\"elementor-image-box-img\"><a href=\"\/wp-content\/uploads\/2026\/04\/CVN-ACRYL-Furniture-board-description.pdf\" target=\"_blank\" tabindex=\"-1\"><img decoding=\"async\" width=\"128\" height=\"128\" src=\"https:\/\/cvnfront.hu\/wp-content\/uploads\/2023\/04\/pdf-icon.png\" class=\"attachment-full size-full wp-image-4938\" alt=\"\" srcset=\"https:\/\/cvnfront.hu\/wp-content\/uploads\/2023\/04\/pdf-icon.png 128w, https:\/\/cvnfront.hu\/wp-content\/uploads\/2023\/04\/pdf-icon-100x100.png 100w\" sizes=\"(max-width: 128px) 100vw, 128px\" \/><\/a><\/figure><div class=\"elementor-image-box-content\"><h4 class=\"elementor-image-box-title\"><a href=\"\/wp-content\/uploads\/2026\/04\/CVN-ACRYL-Furniture-board-description.pdf\" target=\"_blank\">ACRILICO VON CVN<\/a><\/h4><\/div><\/div>\t\t\t\t<\/div>\n\t\t\t\t<\/div>\n\t\t\t\t<div class=\"elementor-element elementor-element-4fc6eaa elementor-position-top elementor-widget elementor-widget-image-box\" data-id=\"4fc6eaa\" data-element_type=\"widget\" data-e-type=\"widget\" data-widget_type=\"image-box.default\">\n\t\t\t\t<div class=\"elementor-widget-container\">\n\t\t\t\t\t<div class=\"elementor-image-box-wrapper\"><figure class=\"elementor-image-box-img\"><a href=\"\/wp-content\/uploads\/2026\/04\/CVN-ACRYL-and-ACRILICO-edging-types.pdf\" target=\"_blank\" tabindex=\"-1\"><img decoding=\"async\" width=\"128\" height=\"128\" src=\"https:\/\/cvnfront.hu\/wp-content\/uploads\/2023\/04\/pdf-icon.png\" class=\"attachment-full size-full wp-image-4938\" alt=\"\" srcset=\"https:\/\/cvnfront.hu\/wp-content\/uploads\/2023\/04\/pdf-icon.png 128w, https:\/\/cvnfront.hu\/wp-content\/uploads\/2023\/04\/pdf-icon-100x100.png 100w\" sizes=\"(max-width: 128px) 100vw, 128px\" \/><\/a><\/figure><div class=\"elementor-image-box-content\"><h4 class=\"elementor-image-box-title\"><a href=\"\/wp-content\/uploads\/2026\/04\/CVN-ACRYL-and-ACRILICO-edging-types.pdf\" target=\"_blank\">ACRILICO-KANTENVERSCHLUSS-TYPEN<\/a><\/h4><\/div><\/div>\t\t\t\t<\/div>\n\t\t\t\t<\/div>\n\t\t\t\t\t<\/div>\n\t\t<\/div>\n\t\t\t\t\t<\/div>\n\t\t<\/section>\n\t\t\t\t<\/div>","protected":false},"excerpt":{"rendered":"<p>CVN FRONT ACRILICO BY CVN b\u00fatorfront term\u00e9kle\u00edr\u00e1s ACRILICO BY CVN ACRILICO \u00c9LZ\u00c1R\u00c1S T\u00cdPUSOK<\/p>","protected":false},"author":1,"featured_media":0,"parent":0,"menu_order":0,"comment_status":"closed","ping_status":"closed","template":"","meta":{"footnotes":""},"class_list":["post-4457","page","type-page","status-publish","hentry"],"_links":{"self":[{"href":"https:\/\/cvnfront.hu\/de\/wp-json\/wp\/v2\/pages\/4457","targetHints":{"allow":["GET"]}}],"collection":[{"href":"https:\/\/cvnfront.hu\/de\/wp-json\/wp\/v2\/pages"}],"about":[{"href":"https:\/\/cvnfront.hu\/de\/wp-json\/wp\/v2\/types\/page"}],"author":[{"embeddable":true,"href":"https:\/\/cvnfront.hu\/de\/wp-json\/wp\/v2\/users\/1"}],"replies":[{"embeddable":true,"href":"https:\/\/cvnfront.hu\/de\/wp-json\/wp\/v2\/comments?post=4457"}],"version-history":[{"count":83,"href":"https:\/\/cvnfront.hu\/de\/wp-json\/wp\/v2\/pages\/4457\/revisions"}],"predecessor-version":[{"id":6420,"href":"https:\/\/cvnfront.hu\/de\/wp-json\/wp\/v2\/pages\/4457\/revisions\/6420"}],"wp:attachment":[{"href":"https:\/\/cvnfront.hu\/de\/wp-json\/wp\/v2\/media?parent=4457"}],"curies":[{"name":"wp","href":"https:\/\/api.w.org\/{rel}","templated":true}]}}