{"id":5917,"date":"2024-04-15T07:52:17","date_gmt":"2024-04-15T05:52:17","guid":{"rendered":"https:\/\/cvnfront.hu\/?page_id=5917"},"modified":"2024-04-15T08:01:04","modified_gmt":"2024-04-15T06:01:04","slug":"regisztracio-texturak-megtekintesehez","status":"publish","type":"page","link":"https:\/\/cvnfront.hu\/de\/regisztracio-texturak-megtekintesehez\/","title":{"rendered":"Registrieren, um Texturen zu sehen"},"content":{"rendered":"\t\t<div data-elementor-type=\"wp-page\" data-elementor-id=\"5917\" class=\"elementor elementor-5917\" data-elementor-post-type=\"page\">\n\t\t\t\t\t\t<section class=\"elementor-section elementor-top-section elementor-element elementor-element-23743b6 elementor-section-boxed elementor-section-height-default elementor-section-height-default\" data-id=\"23743b6\" data-element_type=\"section\" data-e-type=\"section\">\n\t\t\t\t\t\t<div class=\"elementor-container elementor-column-gap-default\">\n\t\t\t\t\t<div class=\"elementor-column elementor-col-100 elementor-top-column elementor-element elementor-element-b935024\" data-id=\"b935024\" data-element_type=\"column\" data-e-type=\"column\">\n\t\t\t<div class=\"elementor-widget-wrap elementor-element-populated\">\n\t\t\t\t\t\t<div class=\"elementor-element elementor-element-c9c9d60 elementor-widget elementor-widget-heading\" data-id=\"c9c9d60\" data-element_type=\"widget\" data-e-type=\"widget\" data-widget_type=\"heading.default\">\n\t\t\t\t<div class=\"elementor-widget-container\">\n\t\t\t\t\t<h4 class=\"elementor-heading-title elementor-size-default\">T\u00f6ltse ki az al\u00e1bbi \u0171rlapot a text\u00fara mint\u00e1k fot\u00f3inak megtekint\u00e9s\u00e9hez.<\/h4>\t\t\t\t<\/div>\n\t\t\t\t<\/div>\n\t\t\t\t<div class=\"elementor-element elementor-element-6038e0f elementor-widget elementor-widget-heading\" data-id=\"6038e0f\" data-element_type=\"widget\" data-e-type=\"widget\" data-widget_type=\"heading.default\">\n\t\t\t\t<div class=\"elementor-widget-container\">\n\t\t\t\t\t<h6 class=\"elementor-heading-title elementor-size-default\">Az \u0171rlap bek\u00fcld\u00e9se ut\u00e1n munkat\u00e1rsaink r\u00f6videsen egy v\u00e1lasz email-ben veszik fel \u00d6nnel a kapcsolatot, mely tartalmazza a mint\u00e1k megtekint\u00e9s\u00e9hez sz\u00fcks\u00e9ges bel\u00e9p\u00e9si lehet\u0151s\u00e9get.<\/h6>\t\t\t\t<\/div>\n\t\t\t\t<\/div>\n\t\t\t\t<div class=\"elementor-element elementor-element-1c38b7e elementor-widget elementor-widget-text-editor\" data-id=\"1c38b7e\" data-element_type=\"widget\" data-e-type=\"widget\" data-widget_type=\"text-editor.default\">\n\t\t\t\t<div class=\"elementor-widget-container\">\n\t\t\t\t\t\t\t\t\t<p style=\"text-align: center;\"><div id=\"quform-bbb06b\" class=\"quform quform-5 quform-support-page-caching\"><form id=\"quform-form-bbb06b\" class=\"quform-form quform-form-5\" action=\"\/de\/wp-json\/wp\/v2\/pages\/5917#quform-bbb06b\" method=\"post\" enctype=\"multipart\/form-data\" novalidate=\"novalidate\" data-options=\"{&quot;id&quot;:5,&quot;uniqueId&quot;:&quot;bbb06b&quot;,&quot;theme&quot;:&quot;&quot;,&quot;ajax&quot;:true,&quot;logic&quot;:{&quot;logic&quot;:[],&quot;dependents&quot;:[],&quot;elementIds&quot;:[],&quot;dependentElementIds&quot;:[],&quot;animate&quot;:true},&quot;currentPageId&quot;:1,&quot;errorsIcon&quot;:&quot;&quot;,&quot;updateFancybox&quot;:true,&quot;hasPages&quot;:false,&quot;pages&quot;:[1],&quot;pageProgressType&quot;:&quot;numbers&quot;,&quot;tooltipsEnabled&quot;:true,&quot;tooltipClasses&quot;:&quot;qtip-quform-dark qtip-shadow&quot;,&quot;tooltipMy&quot;:&quot;left center&quot;,&quot;tooltipAt&quot;:&quot;right center&quot;,&quot;isRtl&quot;:false,&quot;scrollOffset&quot;:-50,&quot;scrollSpeed&quot;:800}\"><button class=\"quform-default-submit\" name=\"quform_submit\" type=\"submit\" value=\"submit\" aria-hidden=\"true\" tabindex=\"-1\"><\/button><div class=\"quform-form-inner quform-form-inner-5\"><input type=\"hidden\" name=\"quform_form_id\" value=\"5\" \/><input type=\"hidden\" name=\"quform_form_uid\" value=\"bbb06b\" \/><input type=\"hidden\" name=\"quform_count\" value=\"1\" \/><input type=\"hidden\" name=\"form_url\" value=\"https:\/\/cvnfront.hu\/de\/wp-json\/wp\/v2\/pages\/5917\" \/><input type=\"hidden\" name=\"referring_url\" value=\"\" \/><input type=\"hidden\" name=\"post_id\" value=\"\" \/><input type=\"hidden\" name=\"post_title\" value=\"\" \/><input type=\"hidden\" name=\"quform_current_page_id\" value=\"1\" \/><input type=\"hidden\" name=\"quform_loaded\" value=\"1777154694|ef636b46a3b81773152fe66940688b1c\" \/><input type=\"hidden\" name=\"quform_csrf_token\" value=\"6PCyVJIYTVo9f9D7tu1A2OVZiZCKc5GgtvF8RDwY\" \/><div class=\"quform-elements quform-elements-5 quform-cf quform-responsive-elements-phone-landscape\"><div class=\"quform-element quform-element-page quform-page-1 quform-page-5_1 quform-cf quform-group-style-plain quform-first-page quform-last-page quform-current-page\"><div class=\"quform-child-elements\"><div class=\"quform-element quform-element-text quform-element-5_3 quform-cf quform-element-optional\"><div class=\"quform-spacer\"><div class=\"quform-label quform-label-5_3\"><label class=\"quform-label-text\" for=\"quform_5_3_bbb06b\">Vezet\u00e9kn\u00e9v<\/label><\/div><div class=\"quform-inner quform-inner-text quform-inner-5_3\"><div class=\"quform-input quform-input-text quform-input-5_3 quform-cf\"><input type=\"text\" id=\"quform_5_3_bbb06b\" name=\"quform_5_3\" class=\"quform-field quform-field-text quform-field-5_3\" \/><\/div><\/div><\/div><\/div><div class=\"quform-element quform-element-text quform-element-5_4 quform-cf quform-element-optional\"><div class=\"quform-spacer\"><div class=\"quform-label quform-label-5_4\"><label class=\"quform-label-text\" for=\"quform_5_4_bbb06b\">Keresztn\u00e9v<\/label><\/div><div class=\"quform-inner quform-inner-text quform-inner-5_4\"><div class=\"quform-input quform-input-text quform-input-5_4 quform-cf\"><input type=\"text\" id=\"quform_5_4_bbb06b\" name=\"quform_5_4\" class=\"quform-field quform-field-text quform-field-5_4\" \/><\/div><\/div><\/div><\/div><div class=\"quform-element quform-element-email quform-element-5_5 quform-cf quform-element-required\"><div class=\"quform-spacer\"><div class=\"quform-label quform-label-5_5\"><label class=\"quform-label-text\" for=\"quform_5_5_bbb06b\">Email c\u00edm<span class=\"quform-required\">*<\/span><\/label><\/div><div class=\"quform-inner quform-inner-email quform-inner-5_5\"><div class=\"quform-input quform-input-email quform-input-5_5 quform-cf\"><input type=\"email\" id=\"quform_5_5_bbb06b\" name=\"quform_5_5\" class=\"quform-field quform-field-email quform-field-5_5\" \/><\/div><\/div><\/div><\/div><div class=\"quform-element quform-element-textarea quform-element-5_250409 quform-sr-only quform-cf\" style=\"clip: rect(1px, 1px, 1px, 1px); clip-path: inset(50%); position: absolute !important; height: 1px; width: 1px; overflow: hidden;\"><div class=\"quform-spacer\"><div class=\"quform-label quform-label-5_250409\"><label class=\"quform-label-text\" for=\"quform_5_250409_bbb06b\">Business Email<span class=\"quform-required\">*<\/span><\/label><\/div><div class=\"quform-inner quform-inner-5_250409\"><textarea id=\"quform_5_250409_bbb06b\" name=\"quform_5_250409\" class=\"quform-field quform-field-textarea quform-field-5_250409\" tabindex=\"-1\" autocomplete=\"new-password\"><\/textarea><\/div><\/div><\/div><div class=\"quform-element quform-element-checkbox quform-element-5_7 quform-cf quform-element-required\"><div class=\"quform-spacer\"><div class=\"quform-label quform-label-5_7\"><label class=\"quform-label-text\" id=\"quform_5_7_bbb06b_label\"> <span class=\"quform-required\">*<\/span><\/label><\/div><div class=\"quform-inner quform-inner-checkbox quform-inner-5_7\"><div class=\"quform-input quform-input-checkbox quform-input-5_7 quform-cf\"><div class=\"quform-options quform-cf quform-options-block quform-options-simple\" role=\"group\" aria-labelledby=\"quform_5_7_bbb06b_label\"><div class=\"quform-option\"><input type=\"checkbox\" name=\"quform_5_7[]\" id=\"quform_5_7_bbb06b_1\" class=\"quform-field quform-field-checkbox quform-field-5_7 quform-field-5_7_1\" value=\"Adataimat a text\u00fara mint\u00e1k megtekint\u00e9s\u00e9hez  sz\u00fcks\u00e9ges felhaszn\u00e1l\u00f3i fi\u00f3k l\u00e9trehoz\u00e1s\u00e1ra adtam meg. Elfogadom, hogy a CVN Front Kft. egy v\u00e1laszlev\u00e9lben k\u00fcldi meg sz\u00e1momra az ehhez sz\u00fcks\u00e9ges bel\u00e9p\u00e9s jelszav\u00e1t, \u00e9s a mint\u00e1k megtekint\u00e9se ezut\u00e1n lesz lehets\u00e9ges.\" \/><label for=\"quform_5_7_bbb06b_1\" class=\"quform-option-label quform-option-label-5_7_1\"><span class=\"quform-option-text\">Adataimat a text\u00fara mint\u00e1k megtekint\u00e9s\u00e9hez  sz\u00fcks\u00e9ges felhaszn\u00e1l\u00f3i fi\u00f3k l\u00e9trehoz\u00e1s\u00e1ra adtam meg. Elfogadom, hogy a CVN Front Kft. egy v\u00e1laszlev\u00e9lben k\u00fcldi meg sz\u00e1momra az ehhez sz\u00fcks\u00e9ges bel\u00e9p\u00e9s jelszav\u00e1t, \u00e9s a mint\u00e1k megtekint\u00e9se ezut\u00e1n lesz lehets\u00e9ges.<\/span><\/label><\/div><\/div><\/div><\/div><\/div><\/div><div class=\"quform-element quform-element-checkbox quform-element-5_6 quform-cf quform-element-required\"><div class=\"quform-spacer\"><div class=\"quform-label quform-label-5_6\"><label class=\"quform-label-text\" id=\"quform_5_6_bbb06b_label\"> <span class=\"quform-required\">*<\/span><\/label><\/div><div class=\"quform-inner quform-inner-checkbox quform-inner-5_6\"><div class=\"quform-input quform-input-checkbox quform-input-5_6 quform-cf\"><div class=\"quform-options quform-cf quform-options-block quform-options-simple\" role=\"group\" aria-labelledby=\"quform_5_6_bbb06b_label\"><div class=\"quform-option\"><input type=\"checkbox\" name=\"quform_5_6[]\" id=\"quform_5_6_bbb06b_1\" class=\"quform-field quform-field-checkbox quform-field-5_6 quform-field-5_6_1\" value=\"Elfogadom, hogy az \u0171rlap bek\u00fcld\u00e9s\u00e9vel adataim az oldalon elt\u00e1rol\u00e1sra ker\u00fclnek!\" \/><label for=\"quform_5_6_bbb06b_1\" class=\"quform-option-label quform-option-label-5_6_1\"><span class=\"quform-option-text\">Elfogadom, hogy az \u0171rlap bek\u00fcld\u00e9s\u00e9vel adataim az oldalon elt\u00e1rol\u00e1sra ker\u00fclnek!<\/span><\/label><\/div><\/div><\/div><\/div><\/div><\/div><div class=\"quform-element quform-element-captcha quform-element-5_8 quform-cf quform-element-required\"><div class=\"quform-spacer\"><div class=\"quform-label quform-label-5_8\"><label class=\"quform-label-text\" for=\"quform_5_8_bbb06b\">K\u00e9rj\u00fck \u00edrja be a megjelent karaktereket<span class=\"quform-required\">*<\/span><\/label><\/div><div class=\"quform-inner quform-inner-captcha quform-inner-5_8\"><div class=\"quform-input quform-input-captcha quform-input-5_8 quform-cf\"><input type=\"text\" id=\"quform_5_8_bbb06b\" name=\"quform_5_8\" class=\"quform-field quform-field-captcha quform-field-5_8\" \/><\/div><div class=\"quform-captcha quform-cf\"><div class=\"quform-captcha-image quform-captcha-image-5_8\"><img decoding=\"async\" class=\"quform-captcha-image-img\" src=\"data:image\/png;base64,iVBORw0KGgoAAAANSUhEUgAAAOYAAABQBAMAAAD\/1xTgAAAAG1BMVEX\/\/\/8iIiLj4+PHx8esrKyQkJA9PT10dHRZWVlINFMwAAAACXBIWXMAAA7EAAAOxAGVKw4bAAADgklEQVRoge1Xu1YbMRAV+7C3zABZu1xjApRAAri0IaTGJ5yktZLwKFlCTEqcAOGzo8c+RrMbWxzATXQLH+9Yqzu6M7qSGXNwcHBwcHBwcHBw+C\/QfX8wZ0Z\/DADt\/lwpJyARJyQenl6+GOcQNJZIPIU2egqs1ffU59tpQ5pS2AcuPhMj7ovIJs4svrAg9OGQt8Rra3AzZZRY5q1ILgUw5wwEZ98YtmjBKVcA7USI9BpFV2hisJxRLNIf8DqDFF7ZckIrEbLgfG\/poL76MqEFnRj1ZAswsuOUZWqLrVAGReDseLt8jgAus2SW0bu77f56fIRn64BNPZtC057uySLm6ef4T87byCUcGJwi2e\/mbAM4YrMRygoo0lYR86HAryyxTNzU0FYK9M2YbYirO4VzJD53rnGlgpIzLgIJUwLgHlGpJni2FFavr4xIHZp6FjFrqUoI8cq7z\/dI8KyrIzC1e4MrIsFlc7RmkUZ6fUMkrchDNaNfCh78kJp53OxSyWEGtDhfZnA2VFc0jc0eaUkH4vUbPHZInqU6xt7xZH338K6rRVO9leJlijxinYcRZR9ox0itRySHTTnZjOb1Ty\/Uu3hfRZLL56avScoT8nLHHCEaoaVSHrHZME8H5t1famVxYXqVVSqxE\/wcKWts2phuUFP2daJsT7k88wwO4nyZ9YWGcfwDDahUgCobAvyW2fEYbXoPyOza+qw4B9VOGxJlUy1sx2jUEMgxoq0vrJzsNZiY\/SmwkSmbFLPrW4koMlKzQY\/ToZImsqknp4nlyu7m958OLI\/jK8a2DOPZAmKvE7XOjkXfelSiQlmeryNV\/nLCggfMmdKacOUZM\/cnUx5nJpYr6xXacW1qJ9sbmAaMu4Uav6R2QTKTMyCWVvSsX\/RzedAgmtqbysduSjKx4hTNCV+zH\/o5Z7y9qgUeFeOiqv3GaojFXSEgo8TceheGRY9wuWLvk3mrps7H2Hh\/AlTweviEU13Zz4435ULKNOSQPX6OWKjzqfzHp3eVYB2IDeV39nNeNMyaOWR1X35WTtPHoHdnPEZlw+Re4XM8vTi7j2qc70nY+clpkwZ99HtTNWzF+Z6K7qHirV9IQ+3DBasGfTxvvaEsqB2TUud7UUTyYAvhKS30aEi\/kbvf4sh6Pgx0h9n8T3g26H\/6Nn7znKTib1x7jh2k0T1I5k3p4ODg4OBQ4i83CoX9GVoBdQAAAABJRU5ErkJggg==\" alt=\"CAPTCHA image\" data-element-id=\"8\" width=\"115\" height=\"40\" \/><\/div><\/div><p class=\"quform-description quform-description-below\">Ez seg\u00edt megel\u0151zni a spam regisztr\u00e1ci\u00f3kat. K\u00f6sz\u00f6nj\u00fck!<\/p><\/div><\/div><\/div><div class=\"quform-element quform-element-submit quform-element-5_2 quform-cf quform-button-style-theme\"><div class=\"quform-button-submit quform-button-submit-default quform-button-submit-5_2\"><button name=\"quform_submit\" type=\"submit\" class=\"quform-submit\" value=\"submit\"><span class=\"quform-button-text quform-button-submit-text\">Send<\/span><\/button><\/div><div class=\"quform-loading quform-loading-position-left quform-loading-type-spinner-1\"><div class=\"quform-loading-inner\"><div class=\"quform-loading-spinner\"><div class=\"quform-loading-spinner-inner\"><\/div><\/div><\/div><\/div><\/div><\/div><\/div><\/div><\/div><\/form><\/div><\/p>\t\t\t\t\t\t\t\t<\/div>\n\t\t\t\t<\/div>\n\t\t\t\t\t<\/div>\n\t\t<\/div>\n\t\t\t\t\t<\/div>\n\t\t<\/section>\n\t\t\t\t<\/div>\n\t\t","protected":false},"excerpt":{"rendered":"<p>T\u00f6ltse ki az al\u00e1bbi \u0171rlapot a text\u00fara mint\u00e1k fot\u00f3inak megtekint\u00e9s\u00e9hez. Az \u0171rlap bek\u00fcld\u00e9se ut\u00e1n munkat\u00e1rsaink r\u00f6videsen egy v\u00e1lasz email-ben veszik fel \u00d6nnel a kapcsolatot, mely tartalmazza a mint\u00e1k megtekint\u00e9s\u00e9hez sz\u00fcks\u00e9ges bel\u00e9p\u00e9si lehet\u0151s\u00e9get.<\/p>","protected":false},"author":1,"featured_media":0,"parent":0,"menu_order":0,"comment_status":"closed","ping_status":"closed","template":"","meta":{"footnotes":""},"class_list":["post-5917","page","type-page","status-publish","hentry"],"_links":{"self":[{"href":"https:\/\/cvnfront.hu\/de\/wp-json\/wp\/v2\/pages\/5917","targetHints":{"allow":["GET"]}}],"collection":[{"href":"https:\/\/cvnfront.hu\/de\/wp-json\/wp\/v2\/pages"}],"about":[{"href":"https:\/\/cvnfront.hu\/de\/wp-json\/wp\/v2\/types\/page"}],"author":[{"embeddable":true,"href":"https:\/\/cvnfront.hu\/de\/wp-json\/wp\/v2\/users\/1"}],"replies":[{"embeddable":true,"href":"https:\/\/cvnfront.hu\/de\/wp-json\/wp\/v2\/comments?post=5917"}],"version-history":[{"count":4,"href":"https:\/\/cvnfront.hu\/de\/wp-json\/wp\/v2\/pages\/5917\/revisions"}],"predecessor-version":[{"id":5921,"href":"https:\/\/cvnfront.hu\/de\/wp-json\/wp\/v2\/pages\/5917\/revisions\/5921"}],"wp:attachment":[{"href":"https:\/\/cvnfront.hu\/de\/wp-json\/wp\/v2\/media?parent=5917"}],"curies":[{"name":"wp","href":"https:\/\/api.w.org\/{rel}","templated":true}]}}