{"id":4881,"date":"2023-04-12T19:44:31","date_gmt":"2023-04-12T17:44:31","guid":{"rendered":"https:\/\/cvnfront.hu\/?post_type=product&#038;p=4881"},"modified":"2025-07-03T07:19:15","modified_gmt":"2025-07-03T05:19:15","slug":"fenyes-felulet-white-metal","status":"publish","type":"product","link":"https:\/\/cvnfront.hu\/de\/produkt\/fenyes-felulet-white-metal\/","title":{"rendered":"C063 Gl\u00e4nzende Oberfl\u00e4che Wei\u00dfes Metall"},"content":{"rendered":"<p>Die Farbpalette umfasst die von CVN Front angebotene Produktpalette, die direkt ab Lager lieferbar ist!<\/p>\n<p>Kundenspezifische Farben sind in allen RAL-Farben erh\u00e4ltlich, f\u00fcr weitere Informationen kontaktieren Sie uns bitte!<\/p>\n<p>Artikel Nr.: C063<\/p>","protected":false},"excerpt":{"rendered":"<p>A sz\u00ednpaletta a CVN Front \u00e1ltal aj\u00e1nlott, k\u00f6zvetlen rakt\u00e1rk\u00e9szletr\u0151 el\u00e9rhet\u0151 term\u00e9kpalett\u00e1t tartalmazza! Egyedi sz\u00ednek el\u00e9rhet\u0151ek a RAL sz\u00ednsk\u00e1la minden sz\u00edn\u00e9ben, tov\u00e1bbi inform\u00e1ci\u00f3k\u00e9rt keressen el\u00e9rhet\u0151s\u00e9geink egyik\u00e9n! cikksz\u00e1m: C063<\/p>","protected":false},"featured_media":5348,"template":"","meta":[],"product_brand":[],"product_cat":[97,129],"product_tag":[100,99,67,117,69,62,104,106,123],"class_list":{"0":"post-4881","1":"product","2":"type-product","3":"status-publish","4":"has-post-thumbnail","6":"product_cat-cvn-acryl-front","7":"product_cat-metal-fenyes","8":"product_tag-acryl","9":"product_tag-acrylfront","10":"product_tag-akril","11":"product_tag-akrilfront","12":"product_tag-feher","13":"product_tag-front","14":"product_tag-metal","15":"product_tag-vilagos","16":"product_tag-white","18":"first","19":"instock","20":"taxable","21":"shipping-taxable","22":"product-type-simple"},"_links":{"self":[{"href":"https:\/\/cvnfront.hu\/de\/wp-json\/wp\/v2\/product\/4881","targetHints":{"allow":["GET"]}}],"collection":[{"href":"https:\/\/cvnfront.hu\/de\/wp-json\/wp\/v2\/product"}],"about":[{"href":"https:\/\/cvnfront.hu\/de\/wp-json\/wp\/v2\/types\/product"}],"wp:featuredmedia":[{"embeddable":true,"href":"https:\/\/cvnfront.hu\/de\/wp-json\/wp\/v2\/media\/5348"}],"wp:attachment":[{"href":"https:\/\/cvnfront.hu\/de\/wp-json\/wp\/v2\/media?parent=4881"}],"wp:term":[{"taxonomy":"product_brand","embeddable":true,"href":"https:\/\/cvnfront.hu\/de\/wp-json\/wp\/v2\/product_brand?post=4881"},{"taxonomy":"product_cat","embeddable":true,"href":"https:\/\/cvnfront.hu\/de\/wp-json\/wp\/v2\/product_cat?post=4881"},{"taxonomy":"product_tag","embeddable":true,"href":"https:\/\/cvnfront.hu\/de\/wp-json\/wp\/v2\/product_tag?post=4881"}],"curies":[{"name":"wp","href":"https:\/\/api.w.org\/{rel}","templated":true}]}}