{"id":4894,"date":"2023-04-13T10:57:28","date_gmt":"2023-04-13T08:57:28","guid":{"rendered":"https:\/\/cvnfront.hu\/?post_type=product&#038;p=4894"},"modified":"2025-07-03T07:19:15","modified_gmt":"2025-07-03T05:19:15","slug":"fenyes-felulet-yellow-gold","status":"publish","type":"product","link":"https:\/\/cvnfront.hu\/de\/produkt\/fenyes-felulet-yellow-gold\/","title":{"rendered":"C021 Gl\u00e4nzende Oberfl\u00e4che Gelbgold"},"content":{"rendered":"<p>Die Farbpalette umfasst die von CVN Front angebotene Produktpalette, die direkt ab Lager lieferbar ist!<\/p>\n<p>Kundenspezifische Farben sind in allen RAL-Farben erh\u00e4ltlich, f\u00fcr weitere Informationen kontaktieren Sie uns bitte!<\/p>\n<p>Artikel Nr.: C021<\/p>","protected":false},"excerpt":{"rendered":"<p>A sz\u00ednpaletta a CVN Front \u00e1ltal aj\u00e1nlott, k\u00f6zvetlen rakt\u00e1rk\u00e9szletr\u0151 el\u00e9rhet\u0151 term\u00e9kpalett\u00e1t tartalmazza! Egyedi sz\u00ednek el\u00e9rhet\u0151ek a RAL sz\u00ednsk\u00e1la minden sz\u00edn\u00e9ben, tov\u00e1bbi inform\u00e1ci\u00f3k\u00e9rt keressen el\u00e9rhet\u0151s\u00e9geink egyik\u00e9n! cikksz\u00e1m: C021<\/p>","protected":false},"featured_media":5340,"template":"","meta":[],"product_brand":[],"product_cat":[97,129],"product_tag":[100,99,109,62,110,104],"class_list":{"0":"post-4894","1":"product","2":"type-product","3":"status-publish","4":"has-post-thumbnail","6":"product_cat-cvn-acryl-front","7":"product_cat-metal-fenyes","8":"product_tag-acryl","9":"product_tag-acrylfront","10":"product_tag-arany","11":"product_tag-front","12":"product_tag-gold","13":"product_tag-metal","15":"first","16":"instock","17":"taxable","18":"shipping-taxable","19":"product-type-simple"},"_links":{"self":[{"href":"https:\/\/cvnfront.hu\/de\/wp-json\/wp\/v2\/product\/4894","targetHints":{"allow":["GET"]}}],"collection":[{"href":"https:\/\/cvnfront.hu\/de\/wp-json\/wp\/v2\/product"}],"about":[{"href":"https:\/\/cvnfront.hu\/de\/wp-json\/wp\/v2\/types\/product"}],"wp:featuredmedia":[{"embeddable":true,"href":"https:\/\/cvnfront.hu\/de\/wp-json\/wp\/v2\/media\/5340"}],"wp:attachment":[{"href":"https:\/\/cvnfront.hu\/de\/wp-json\/wp\/v2\/media?parent=4894"}],"wp:term":[{"taxonomy":"product_brand","embeddable":true,"href":"https:\/\/cvnfront.hu\/de\/wp-json\/wp\/v2\/product_brand?post=4894"},{"taxonomy":"product_cat","embeddable":true,"href":"https:\/\/cvnfront.hu\/de\/wp-json\/wp\/v2\/product_cat?post=4894"},{"taxonomy":"product_tag","embeddable":true,"href":"https:\/\/cvnfront.hu\/de\/wp-json\/wp\/v2\/product_tag?post=4894"}],"curies":[{"name":"wp","href":"https:\/\/api.w.org\/{rel}","templated":true}]}}