{"id":4955,"date":"2023-04-22T07:18:19","date_gmt":"2023-04-22T05:18:19","guid":{"rendered":"https:\/\/cvnfront.hu\/?post_type=product&#038;p=4955"},"modified":"2025-07-03T07:17:14","modified_gmt":"2025-07-03T05:17:14","slug":"fenyes-felule-basic-gray","status":"publish","type":"product","link":"https:\/\/cvnfront.hu\/de\/produkt\/fenyes-felule-basic-gray\/","title":{"rendered":"C057 F\u00e9nyes fel\u00fclet Basic Gray"},"content":{"rendered":"<p>Die Farbpalette umfasst die von CVN Front angebotene Produktpalette, die direkt ab Lager lieferbar ist!<\/p>\n<p>Egyedi sz\u00ednek el\u00e9rhet\u0151ek a RAL sz\u00ednsk\u00e1la minden sz\u00edn\u00e9ben, tov\u00e1bbi inform\u00e1ci\u00f3k\u00e9rt keressen el\u00e9rhet\u0151s\u00e9geink egyik\u00e9n!<\/p>\n<p>cikksz\u00e1m: C057<\/p>","protected":false},"excerpt":{"rendered":"<p>A sz\u00ednpaletta a CVN Front \u00e1ltal aj\u00e1nlott, k\u00f6zvetlen rakt\u00e1rk\u00e9szletr\u0151 el\u00e9rhet\u0151 term\u00e9kpalett\u00e1t tartalmazza! Egyedi sz\u00ednek el\u00e9rhet\u0151ek a RAL sz\u00ednsk\u00e1la minden sz\u00edn\u00e9ben, tov\u00e1bbi inform\u00e1ci\u00f3k\u00e9rt keressen el\u00e9rhet\u0151s\u00e9geink egyik\u00e9n! cikksz\u00e1m: C057<\/p>","protected":false},"featured_media":5325,"template":"","meta":[],"product_brand":[],"product_cat":[97,127],"product_tag":[100,99,67,117,62,118,108,106],"class_list":{"0":"post-4955","1":"product","2":"type-product","3":"status-publish","4":"has-post-thumbnail","6":"product_cat-cvn-acryl-front","7":"product_cat-fenyes","8":"product_tag-acryl","9":"product_tag-acrylfront","10":"product_tag-akril","11":"product_tag-akrilfront","12":"product_tag-front","13":"product_tag-gray","14":"product_tag-szurke","15":"product_tag-vilagos","17":"first","18":"instock","19":"taxable","20":"shipping-taxable","21":"product-type-simple"},"_links":{"self":[{"href":"https:\/\/cvnfront.hu\/de\/wp-json\/wp\/v2\/product\/4955","targetHints":{"allow":["GET"]}}],"collection":[{"href":"https:\/\/cvnfront.hu\/de\/wp-json\/wp\/v2\/product"}],"about":[{"href":"https:\/\/cvnfront.hu\/de\/wp-json\/wp\/v2\/types\/product"}],"wp:featuredmedia":[{"embeddable":true,"href":"https:\/\/cvnfront.hu\/de\/wp-json\/wp\/v2\/media\/5325"}],"wp:attachment":[{"href":"https:\/\/cvnfront.hu\/de\/wp-json\/wp\/v2\/media?parent=4955"}],"wp:term":[{"taxonomy":"product_brand","embeddable":true,"href":"https:\/\/cvnfront.hu\/de\/wp-json\/wp\/v2\/product_brand?post=4955"},{"taxonomy":"product_cat","embeddable":true,"href":"https:\/\/cvnfront.hu\/de\/wp-json\/wp\/v2\/product_cat?post=4955"},{"taxonomy":"product_tag","embeddable":true,"href":"https:\/\/cvnfront.hu\/de\/wp-json\/wp\/v2\/product_tag?post=4955"}],"curies":[{"name":"wp","href":"https:\/\/api.w.org\/{rel}","templated":true}]}}