{"id":6161,"date":"2025-05-05T19:32:30","date_gmt":"2025-05-05T17:32:30","guid":{"rendered":"https:\/\/cvnfront.hu\/?post_type=product&#038;p=6161"},"modified":"2025-07-03T07:21:17","modified_gmt":"2025-07-03T05:21:17","slug":"black-8421-senosan-fenyes","status":"publish","type":"product","link":"https:\/\/cvnfront.hu\/de\/produkt\/black-8421-senosan-fenyes\/","title":{"rendered":"Black 8421 Senosan F\u00e9nyes"},"content":{"rendered":"<p>Die Farbpalette umfasst die von CVN Front angebotene Produktpalette, die direkt ab Lager lieferbar ist!<\/p>\n<p>Egyedi sz\u00ednek el\u00e9rhet\u0151ek a RAL sz\u00ednsk\u00e1la minden sz\u00edn\u00e9ben, tov\u00e1bbi inform\u00e1ci\u00f3k\u00e9rt keressen el\u00e9rhet\u0151s\u00e9geink egyik\u00e9n!<\/p>\n<p>cikksz\u00e1m: Black8421<\/p>","protected":false},"excerpt":{"rendered":"<p>A sz\u00ednpaletta a CVN Front \u00e1ltal aj\u00e1nlott, k\u00f6zvetlen rakt\u00e1rk\u00e9szletr\u0151 el\u00e9rhet\u0151 term\u00e9kpalett\u00e1t tartalmazza! Egyedi sz\u00ednek el\u00e9rhet\u0151ek a RAL sz\u00ednsk\u00e1la minden sz\u00edn\u00e9ben, tov\u00e1bbi inform\u00e1ci\u00f3k\u00e9rt keressen el\u00e9rhet\u0151s\u00e9geink egyik\u00e9n! cikksz\u00e1m: Black8421<\/p>","protected":false},"featured_media":6162,"template":"","meta":[],"product_brand":[],"product_cat":[190,170],"product_tag":[100,99,67,117,125,103,62],"class_list":{"0":"post-6161","1":"product","2":"type-product","3":"status-publish","4":"has-post-thumbnail","6":"product_cat-senosan-acryl","7":"product_cat-senosan-fenyes","8":"product_tag-acryl","9":"product_tag-acrylfront","10":"product_tag-akril","11":"product_tag-akrilfront","12":"product_tag-black","13":"product_tag-fekete","14":"product_tag-front","16":"first","17":"instock","18":"taxable","19":"shipping-taxable","20":"product-type-simple"},"_links":{"self":[{"href":"https:\/\/cvnfront.hu\/de\/wp-json\/wp\/v2\/product\/6161","targetHints":{"allow":["GET"]}}],"collection":[{"href":"https:\/\/cvnfront.hu\/de\/wp-json\/wp\/v2\/product"}],"about":[{"href":"https:\/\/cvnfront.hu\/de\/wp-json\/wp\/v2\/types\/product"}],"wp:featuredmedia":[{"embeddable":true,"href":"https:\/\/cvnfront.hu\/de\/wp-json\/wp\/v2\/media\/6162"}],"wp:attachment":[{"href":"https:\/\/cvnfront.hu\/de\/wp-json\/wp\/v2\/media?parent=6161"}],"wp:term":[{"taxonomy":"product_brand","embeddable":true,"href":"https:\/\/cvnfront.hu\/de\/wp-json\/wp\/v2\/product_brand?post=6161"},{"taxonomy":"product_cat","embeddable":true,"href":"https:\/\/cvnfront.hu\/de\/wp-json\/wp\/v2\/product_cat?post=6161"},{"taxonomy":"product_tag","embeddable":true,"href":"https:\/\/cvnfront.hu\/de\/wp-json\/wp\/v2\/product_tag?post=6161"}],"curies":[{"name":"wp","href":"https:\/\/api.w.org\/{rel}","templated":true}]}}