{"id":6192,"date":"2025-05-05T20:20:26","date_gmt":"2025-05-05T18:20:26","guid":{"rendered":"https:\/\/cvnfront.hu\/?post_type=product&#038;p=6192"},"modified":"2025-11-30T19:34:52","modified_gmt":"2025-11-30T17:34:52","slug":"white-metallic-11035-senosan-fenyes-metal","status":"publish","type":"product","link":"https:\/\/cvnfront.hu\/de\/produkt\/white-metallic-11035-senosan-fenyes-metal\/","title":{"rendered":"White metallic 11035 Senosan F\u00e9nyes Met\u00e1l"},"content":{"rendered":"<p>Die Farbpalette umfasst die von CVN Front angebotene Produktpalette, die direkt ab Lager lieferbar ist!<\/p>\n<p>Auch mit beidseitiger Acryloberfl\u00e4che erh\u00e4ltlich, f\u00fcr weitere Informationen kontaktieren Sie uns bitte!<\/p>\n<p>cikksz\u00e1m: Whitemetallic11035<\/p>","protected":false},"excerpt":{"rendered":"<p>A sz\u00ednpaletta a CVN Front \u00e1ltal aj\u00e1nlott, k\u00f6zvetlen rakt\u00e1rk\u00e9szletr\u0151 el\u00e9rhet\u0151 term\u00e9kpalett\u00e1t tartalmazza! K\u00e9toldalas akrilfel\u00fclettel is rendelhet\u0151, tov\u00e1bbi inform\u00e1ci\u00f3k\u00e9rt keressen el\u00e9rhet\u0151s\u00e9geink egyik\u00e9n! cikksz\u00e1m: Whitemetallic11035<\/p>","protected":false},"featured_media":6193,"template":"","meta":[],"product_brand":[],"product_cat":[190,171],"product_tag":[100,99,67,117,186,62],"class_list":{"0":"post-6192","1":"product","2":"type-product","3":"status-publish","4":"has-post-thumbnail","6":"product_cat-senosan-acryl","7":"product_cat-senosan-fenyes-metal","8":"product_tag-acryl","9":"product_tag-acrylfront","10":"product_tag-akril","11":"product_tag-akrilfront","12":"product_tag-feher-metal-white-metal","13":"product_tag-front","15":"first","16":"instock","17":"taxable","18":"shipping-taxable","19":"product-type-simple"},"_links":{"self":[{"href":"https:\/\/cvnfront.hu\/de\/wp-json\/wp\/v2\/product\/6192","targetHints":{"allow":["GET"]}}],"collection":[{"href":"https:\/\/cvnfront.hu\/de\/wp-json\/wp\/v2\/product"}],"about":[{"href":"https:\/\/cvnfront.hu\/de\/wp-json\/wp\/v2\/types\/product"}],"wp:featuredmedia":[{"embeddable":true,"href":"https:\/\/cvnfront.hu\/de\/wp-json\/wp\/v2\/media\/6193"}],"wp:attachment":[{"href":"https:\/\/cvnfront.hu\/de\/wp-json\/wp\/v2\/media?parent=6192"}],"wp:term":[{"taxonomy":"product_brand","embeddable":true,"href":"https:\/\/cvnfront.hu\/de\/wp-json\/wp\/v2\/product_brand?post=6192"},{"taxonomy":"product_cat","embeddable":true,"href":"https:\/\/cvnfront.hu\/de\/wp-json\/wp\/v2\/product_cat?post=6192"},{"taxonomy":"product_tag","embeddable":true,"href":"https:\/\/cvnfront.hu\/de\/wp-json\/wp\/v2\/product_tag?post=6192"}],"curies":[{"name":"wp","href":"https:\/\/api.w.org\/{rel}","templated":true}]}}