{"id":6329,"date":"2025-11-30T18:58:11","date_gmt":"2025-11-30T16:58:11","guid":{"rendered":"https:\/\/cvnfront.hu\/?post_type=product&#038;p=6329"},"modified":"2025-11-30T21:00:17","modified_gmt":"2025-11-30T19:00:17","slug":"beige-7498-senosan-matt","status":"publish","type":"product","link":"https:\/\/cvnfront.hu\/de\/produkt\/beige-7498-senosan-matt\/","title":{"rendered":"Beige 7498 Senosan Matt"},"content":{"rendered":"<p>Die Farbpalette umfasst die von CVN Front angebotene Produktpalette, die direkt ab Lager lieferbar ist!<\/p>\n<p>Auch mit beidseitiger Acryloberfl\u00e4che erh\u00e4ltlich, f\u00fcr weitere Informationen kontaktieren Sie uns bitte!<\/p>\n<p>cikksz\u00e1m: Beige 7498 Matt<\/p>","protected":false},"excerpt":{"rendered":"<p>A sz\u00ednpaletta a CVN Front \u00e1ltal aj\u00e1nlott, k\u00f6zvetlen rakt\u00e1rk\u00e9szletr\u0151 el\u00e9rhet\u0151 term\u00e9kpalett\u00e1t tartalmazza! K\u00e9toldalas akrilfel\u00fclettel is rendelhet\u0151, tov\u00e1bbi inform\u00e1ci\u00f3k\u00e9rt keressen el\u00e9rhet\u0151s\u00e9geink egyik\u00e9n! cikksz\u00e1m: Beige 7498 Matt<\/p>","protected":false},"featured_media":6330,"template":"","meta":[],"product_brand":[],"product_cat":[190,189],"product_tag":[100,99,67,117,105,133,98,194],"class_list":{"0":"post-6329","1":"product","2":"type-product","3":"status-publish","4":"has-post-thumbnail","6":"product_cat-senosan-acryl","7":"product_cat-senosan-matt","8":"product_tag-acryl","9":"product_tag-acrylfront","10":"product_tag-akril","11":"product_tag-akrilfront","12":"product_tag-beige","13":"product_tag-bezs","14":"product_tag-matt","15":"product_tag-senosan","17":"first","18":"instock","19":"taxable","20":"shipping-taxable","21":"product-type-simple"},"_links":{"self":[{"href":"https:\/\/cvnfront.hu\/de\/wp-json\/wp\/v2\/product\/6329","targetHints":{"allow":["GET"]}}],"collection":[{"href":"https:\/\/cvnfront.hu\/de\/wp-json\/wp\/v2\/product"}],"about":[{"href":"https:\/\/cvnfront.hu\/de\/wp-json\/wp\/v2\/types\/product"}],"wp:featuredmedia":[{"embeddable":true,"href":"https:\/\/cvnfront.hu\/de\/wp-json\/wp\/v2\/media\/6330"}],"wp:attachment":[{"href":"https:\/\/cvnfront.hu\/de\/wp-json\/wp\/v2\/media?parent=6329"}],"wp:term":[{"taxonomy":"product_brand","embeddable":true,"href":"https:\/\/cvnfront.hu\/de\/wp-json\/wp\/v2\/product_brand?post=6329"},{"taxonomy":"product_cat","embeddable":true,"href":"https:\/\/cvnfront.hu\/de\/wp-json\/wp\/v2\/product_cat?post=6329"},{"taxonomy":"product_tag","embeddable":true,"href":"https:\/\/cvnfront.hu\/de\/wp-json\/wp\/v2\/product_tag?post=6329"}],"curies":[{"name":"wp","href":"https:\/\/api.w.org\/{rel}","templated":true}]}}