{"id":4339,"date":"2022-11-16T21:17:40","date_gmt":"2022-11-16T21:17:40","guid":{"rendered":"https:\/\/cvnfront.hu\/?page_id=4339"},"modified":"2022-11-16T21:17:40","modified_gmt":"2022-11-16T21:17:40","slug":"adatvedelem","status":"publish","type":"page","link":"https:\/\/cvnfront.hu\/en\/adatvedelem\/","title":{"rendered":"Data protection"},"content":{"rendered":"<p><strong>Data protection<\/strong><\/p>\n<p>The last date for amending the Directives is 12 November 2022.<\/p>\n<p><strong>Introduction<\/strong><\/p>\n<p>A <strong>CVN Front Ltd.<\/strong> is committed to respecting individual rights.<\/p>\n<p>Our Privacy Policy is clear: we do not collect personal information through our websites unless the visitor to that website voluntarily provides it. Personal data is defined in Act LXIII of 1992.<\/p>\n<p>In the following privacy notice, we explain how the <strong>CVN Front Ltd.<\/strong> how we collect personal information, how we use it, your choices about how we use the information and how we will ensure that your information is properly protected.<\/p>\n<p>By using our Website, you agree to this Privacy Policy and you consent to our processing of your personal information in accordance with this Privacy Policy.<\/p>\n<p>The controller of your data is the <strong>CVN Front Ltd.<\/strong> (registered office: 2119 P\u00e9cel, Hat\u00e1r u. 3., hereinafter referred to as the \"Data Controller\" or <strong>CVN Front Ltd.<\/strong>The data controller shall act in accordance with the provisions of the Hungarian legislation in force, in particular Act LXIII of 1992 and Act CVIII of 2001, with regard to data processing and data handling in Hungary.<\/p>\n<p>When you visit our website, we may collect and store information about you that you voluntarily choose or provide, which may include personal information. In such cases, we will ask for your consent to process the data. The purpose of the processing of your personal data is to provide you with the services you have requested and to display product information and offers in a personalised manner. We may also use your personal data to provide you with additional information about our other products and services that may be of interest to you, should you request it. In this case, we will indicate this in the area of our website where information is collected for the above purposes.<\/p>\n<p>We will only use your personal data for the purposes of the service you have chosen, in accordance with the consent you have given and within the limits of that consent. The processing will comply with this purpose at all stages. The legal basis for the processing carried out by the Data Controller is the informed consent of the data subject, which is given by the data subject by accepting the registration conditions of the website or by starting to use the site.<\/p>\n<p><strong>Use of information<\/strong><\/p>\n<p>If you are required to provide personal information to access a particular content or service, we will provide you with clear information about how we will use that information.<\/p>\n<p>We do not sell, trade or rent your personal information. However, we may share your information with <strong>CVN Front Ltd.<\/strong> with other entities, organisations, agents, contractors or business partners in order to enable those persons and organisations to provide services to us. For example, we may share your personal information with our contractual partners with whom we have a relationship to support our activities (e.g., parcel delivery, technical support, delivery, financial institutions) or if required by applicable law or a valid court or regulatory order.<\/p>\n<p>In addition, we may conduct research, and we may combine your information with others to create anonymous, aggregated and statistical data sets. Aggregated and statistical data does not contain personally identifiable information. We use it (such as the percentage of male and female visitors or the age distribution of visitors) to improve the content of our website. We may also share with our partners or third parties this anonymous, aggregated or statistical information, which is not personally identifiable.<\/p>\n<p>As our company changes and grows, it is possible that the <strong>CVN Front Ltd.<\/strong> sell or buy companies, subsidiaries, products or assets in the future. In such transactions, customer\/buyer information is usually an element of the transferred assets. If the <strong>CVN Front Ltd.<\/strong> undergoes a business transition (e.g., a merger, acquisition by other companies, or sale of some or all of its products or assets), your personal information may also be transferred. We will use our best efforts to notify you by email, letter or public notice of any changes to the way we handle your personal information. At the time of notification, we will provide you with a clear choice as to whether to allow us to use your personal information for secondary purposes such as sending you product information, research, promotions or other legitimate business communications.<\/p>\n<p><strong>Declaration of consent<\/strong><\/p>\n<p>A <strong>CVN Front Ltd.<\/strong> considers that the consent form is one of the most important basic instruments of personality law. You have the right to choose not to provide us with any personal information about yourself (in which case, however, you may not be able to access certain parts of our website).<\/p>\n<p>On the registration page where you register to receive email notifications or other services, there is an opt-in function. This means that you will only receive information and services from us if you click a button indicating your explicit consent to receive them. When we receive certain types of communications and services, we will first verify that you have given us your prior express consent to the activity or service. If you later decide that you no longer wish to receive communications or services from us, you can indicate this by changing your preferences on the relevant website or by permanently deleting\/deleting your data from the system. In addition, in the case of e-mail communications, each of our e-mail messages will contain a link to unsubscribe you from the list of subscribers or users of the service.<\/p>\n<p><strong>Access to view, correct and delete data<\/strong><\/p>\n<p>A\u00a0<strong>CVN Front Ltd.<\/strong>use your personal data only for purposes for which you have previously given your consent. A <strong>CVN Front Ltd.<\/strong> use the data only for purposes that are compatible with the purpose for which the data was collected. We provide users with access to the personal information they provide.<\/p>\n<p>On some of our websites, you can access your data profile or preferences and read and, if necessary, modify the information and settings stored there.<\/p>\n<p><strong>Data security<\/strong><\/p>\n<p>We are committed to keeping your personal data secure and will take all reasonable precautions required by data protection legislation to maintain data security at all times.<\/p>\n<p>We use reasonable technical and managerial security measures to protect personal data stored on our servers against unauthorised access and destruction.<\/p>\n<p>Although the Data Controller takes technical and administrative measures to protect personally identifiable information, we cannot guarantee its absolute security against persons who attempt to circumvent data security measures or misappropriate data on the Internet.<\/p>\n<p><strong>Duration of storage of personal data<\/strong><\/p>\n<p>If you are a <strong>CVN Front Ltd.<\/strong> you have provided us with personal data, the data processing by the Data Controller will last for the duration of our customer relationship with you, i.e. we will process the data for as long as it is necessary to provide the service you have requested, unless of course you have requested otherwise or where legal obligations require a shorter period.<\/p>\n<p><strong>Cookies (\"cookies\", small text files)<\/strong><\/p>\n<p>Cookies are anonymous visitor identifiers that our website may give to your browser and are only used by our websites while you are visiting them. A <strong>CVN Front Ltd.<\/strong> websites provide your web browser with cookies that contain a special identifier. These are used to learn more about your website usage patterns in aggregate form, and thus to learn which pages of our website are preferred by visitors (e.g. by the number of visitors to a particular area). Such signal sequences are not in themselves capable of identifying visitors in any way, as they do not contain any data that can be linked to visitors. An anonymous visitor identifier is only capable of identifying the visitor's computer.<\/p>\n<p>A <strong>CVN Front Ltd.<\/strong> can only read cookies that you have set yourself. The Data Controller does not have access to or read cookies set by other organisations. We may also use cookies to track website usage and traffic trends on an aggregate basis. This aggregated and anonymous information helps us to improve the content of the website and we are entitled to share it with our partners or other organisations.<\/p>\n<p>If you are a registered user of the website, when you log in to the website, we may provide you with a cookie that your browser will keep and which contains your computer's identifier. We use this cookie to identify you and to give you access to restricted areas of our website that only registered users can visit, similar to the way it works for viewing and managing your account.<\/p>\n<p>If you simply want to browse, you do not have to accept the cookies that our website gives you. If you later decide to register and log in to access specific parts of the website, but you have previously changed your browser settings so that it does not accept cookies, you will need to set your browser again to accept the cookies we send. Otherwise we will not be able to provide you with access to certain parts of the website. Most browsers are set by default to accept and retain cookies. If you would like to know more about cookies and how to set your cookie preferences, please look for the word \"cookie\" in the \"Help\" section of your browser.<\/p>\n<p><strong>IP addresses<\/strong><\/p>\n<p>An Internet Protocol (IP) address is a number that your Internet service provider (ISP) automatically assigns to your computer each time you connect to the Internet. Like other websites, the <strong>CVN Front Ltd.<\/strong> may also collect IP addresses to analyse the information collected about the number of visitors and the use of the website.<\/p>\n<p>The log files of IP addresses are updated daily, statistics are generated and the monthly log files are stored for 365 days on a server operated by the Data Controller. The IP addresses are not linked by the Data Controller to any other data that could be used to identify the user.<\/p>\n<p>A <strong>CVN Front Ltd.<\/strong> reserves the right to use IP addresses to identify persons who pose a threat to our website, services or customers, in accordance with the law.<\/p>\n<p><strong>Clickstream (click)<\/strong><\/p>\n<p>\"Clickstream\" or \"clickstream data\" refers to web pages that an individual user has visited, and is also an important characteristic of the way in which a user jumps from one web page to another. Such information is only recorded on our website. We do not track any click activity outside of our website pages.<\/p>\n<p><strong>Other features of our services<\/strong><\/p>\n<p>Our websites may contain various features designed to provide services to you and to help us better understand the needs of our users. For example, from time to time we may ask you for personally identifiable information when you complete a survey or enter a sweepstakes. In other cases, we may offer you other web-based services, such as newsletters, product information and reminders.<\/p>\n<p><strong>Using the content<\/strong><\/p>\n<p>A <strong>CVN Front Ltd.<\/strong> use of the online service is governed by the terms and conditions set out in the Terms of Use.<\/p>\n<p><strong>Exiting the CVN Front Ltd website<\/strong><\/p>\n<p>We provide links to other websites for our visitors. We cannot guarantee the quality of any website that we link to and we accept no responsibility for the content of any website that is not <strong>CVN Front Ltd.<\/strong> for the content of websites owned by. Links to external websites are provided for convenience and\/or information purposes only and in no way imply endorsement by us.<\/p>\n<p>Please be aware that websites operated by advertisers or other organisations and accessible via links from our websites may collect personal information about you. The privacy practices of websites that are accessible from our sites through advertisements or hyperlinks are not covered by this Privacy Policy. We recommend that when you use a link to go to another website, you should always read the privacy statement of that website before providing any personally identifiable information about yourself.<\/p>\n<p><strong>Changes to the Data Protection Directives<\/strong><\/p>\n<p>The Data Controller reserves the right to review this Privacy Policy from time to time. By using the Website, you acknowledge that the Data Controller may change this Policy without prior notice. You also acknowledge that we are committed to posting changes on this page. This will inform you of the types of information we collect, how we use it and under what circumstances we disclose it, if any. Changes to the Privacy Policy will be notified by the Controller at the same time as the current version is made available. We encourage you to visit our Privacy Policy webpage each time you visit this website to be aware of any changes.<\/p>\n<p><strong>Children's rights as individuals<\/strong><\/p>\n<p>A <strong>CVN Front Ltd.<\/strong> its websites are intended for people over 18 years of age and not for children. We do not knowingly collect personally identifiable information from this age group.<\/p>\n<p><strong>Contacting the Data Controller<\/strong><\/p>\n<p>The operator and content manager of this website is <strong>CVN Front Ltd.<\/strong><\/p>\n<p>If the above guidelines and the <strong>CVN Front Ltd.<\/strong> If you have any questions about our data collection, use and disclosure practices, you can contact us at:<\/p>\n<p>Name of the company: <strong>CVN Front Ltd.<\/strong> <br \/>The registered office of the company is H-2119 P\u00e9cel, Hat\u00e1r u. 3.<\/p>\n<p>If you contact us, please provide the name of the website or other online information source in question and the nature of the information you are interested in. We will do our best to respond promptly to your concerns and questions about our use of your personal information. Unless required by law, we will not use your personal information to <strong>CVN Front Ltd.<\/strong> does not provide answers or comment on areas that are not covered by these guidelines or the <strong>CVN Front Ltd.<\/strong> are not related to the data management practices of.<\/p>\n<p>&nbsp;<\/p>","protected":false},"excerpt":{"rendered":"<p>Adatv\u00e9delem Az ir\u00e1nyelvek utols\u00f3 m\u00f3dos\u00edt\u00e1s\u00e1nak id\u0151pontja 2022. november 12. Bevezet\u00e9s A CVN Front Kft. elk\u00f6telezett a szem\u00e9lyis\u00e9gi jogok tiszteletben tart\u00e1s\u00e1\u00e9rt. Adatv\u00e9delmi Ir\u00e1nyelveink egy\u00e9rtelm\u0171ek: honlapjainkon kereszt\u00fcl nem gy\u0171jt\u00fcnk szem\u00e9lyes adatokat, kiv\u00e9ve amennyiben az adott [&hellip;]<\/p>\n","protected":false},"author":1,"featured_media":0,"parent":0,"menu_order":0,"comment_status":"closed","ping_status":"closed","template":"","meta":{"footnotes":""},"class_list":["post-4339","page","type-page","status-publish","hentry"],"_links":{"self":[{"href":"https:\/\/cvnfront.hu\/en\/wp-json\/wp\/v2\/pages\/4339","targetHints":{"allow":["GET"]}}],"collection":[{"href":"https:\/\/cvnfront.hu\/en\/wp-json\/wp\/v2\/pages"}],"about":[{"href":"https:\/\/cvnfront.hu\/en\/wp-json\/wp\/v2\/types\/page"}],"author":[{"embeddable":true,"href":"https:\/\/cvnfront.hu\/en\/wp-json\/wp\/v2\/users\/1"}],"replies":[{"embeddable":true,"href":"https:\/\/cvnfront.hu\/en\/wp-json\/wp\/v2\/comments?post=4339"}],"version-history":[{"count":1,"href":"https:\/\/cvnfront.hu\/en\/wp-json\/wp\/v2\/pages\/4339\/revisions"}],"predecessor-version":[{"id":4340,"href":"https:\/\/cvnfront.hu\/en\/wp-json\/wp\/v2\/pages\/4339\/revisions\/4340"}],"wp:attachment":[{"href":"https:\/\/cvnfront.hu\/en\/wp-json\/wp\/v2\/media?parent=4339"}],"curies":[{"name":"wp","href":"https:\/\/api.w.org\/{rel}","templated":true}]}}