{"id":4464,"date":"2023-01-16T09:24:44","date_gmt":"2023-01-16T09:24:44","guid":{"rendered":"https:\/\/cvnfront.hu\/?page_id=4464"},"modified":"2026-04-23T22:32:25","modified_gmt":"2026-04-23T20:32:25","slug":"letoltheto-megrendelo","status":"publish","type":"page","link":"https:\/\/cvnfront.hu\/en\/letoltheto-megrendelo\/","title":{"rendered":"Downloadable Customer"},"content":{"rendered":"<div data-elementor-type=\"wp-page\" data-elementor-id=\"4464\" class=\"elementor elementor-4464\" data-elementor-post-type=\"page\">\n\t\t\t\t\t\t<section class=\"elementor-section elementor-top-section elementor-element elementor-element-b1e4056 elementor-section-boxed elementor-section-height-default elementor-section-height-default\" data-id=\"b1e4056\" data-element_type=\"section\" data-e-type=\"section\">\n\t\t\t\t\t\t<div class=\"elementor-container elementor-column-gap-default\">\n\t\t\t\t\t<div class=\"elementor-column elementor-col-100 elementor-top-column elementor-element elementor-element-f29298b\" data-id=\"f29298b\" data-element_type=\"column\" data-e-type=\"column\">\n\t\t\t<div class=\"elementor-widget-wrap elementor-element-populated\">\n\t\t\t\t\t\t<section class=\"elementor-section elementor-inner-section elementor-element elementor-element-9995100 elementor-section-boxed elementor-section-height-default elementor-section-height-default\" data-id=\"9995100\" data-element_type=\"section\" data-e-type=\"section\">\n\t\t\t\t\t\t<div class=\"elementor-container elementor-column-gap-default\">\n\t\t\t\t\t<div class=\"elementor-column elementor-col-100 elementor-inner-column elementor-element elementor-element-dbfbee9\" data-id=\"dbfbee9\" data-element_type=\"column\" data-e-type=\"column\">\n\t\t\t<div class=\"elementor-widget-wrap elementor-element-populated\">\n\t\t\t\t\t\t<div class=\"elementor-element elementor-element-7f874ec elementor-position-top elementor-widget elementor-widget-image-box\" data-id=\"7f874ec\" data-element_type=\"widget\" data-e-type=\"widget\" data-widget_type=\"image-box.default\">\n\t\t\t\t<div class=\"elementor-widget-container\">\n\t\t\t\t\t<div class=\"elementor-image-box-wrapper\"><figure class=\"elementor-image-box-img\"><a href=\"\/wp-content\/uploads\/2026\/04\/CVN-ACRYL-MEGRENDELOLAP.xlsx\" tabindex=\"-1\"><img decoding=\"async\" width=\"128\" height=\"128\" src=\"https:\/\/cvnfront.hu\/wp-content\/uploads\/2023\/01\/excel-logo-letoltheto-megrendelo.png\" class=\"attachment-full size-full wp-image-4467\" alt=\"\" srcset=\"https:\/\/cvnfront.hu\/wp-content\/uploads\/2023\/01\/excel-logo-letoltheto-megrendelo.png 128w, https:\/\/cvnfront.hu\/wp-content\/uploads\/2023\/01\/excel-logo-letoltheto-megrendelo-100x100.png 100w\" sizes=\"(max-width: 128px) 100vw, 128px\" \/><\/a><\/figure><div class=\"elementor-image-box-content\"><h3 class=\"elementor-image-box-title\"><a href=\"\/wp-content\/uploads\/2026\/04\/CVN-ACRYL-MEGRENDELOLAP.xlsx\">ACRYL Customer<\/a><\/h3><p class=\"elementor-image-box-description\">Download the order form in Excel format. You can order by filling in the Excel file and returning it from your computer.<\/p><\/div><\/div>\t\t\t\t<\/div>\n\t\t\t\t<\/div>\n\t\t\t\t\t<\/div>\n\t\t<\/div>\n\t\t\t\t\t<\/div>\n\t\t<\/section>\n\t\t\t\t\t<\/div>\n\t\t<\/div>\n\t\t\t\t\t<\/div>\n\t\t<\/section>\n\t\t\t\t<\/div>","protected":false},"excerpt":{"rendered":"<p>ACRYL megrendel\u0151 Let\u00f6lthet\u0151 Excel form\u00e1tum\u00fa megrendel\u00e9s. Az Excel f\u00e1jl kit\u00f6lt\u00e9s\u00e9vel \u00e9s visszak\u00fcld\u00e9s\u00e9vel tud rendelni a sz\u00e1m\u00edt\u00f3g\u00e9p\u00e9r\u0151l.<\/p>","protected":false},"author":1,"featured_media":0,"parent":0,"menu_order":0,"comment_status":"closed","ping_status":"closed","template":"","meta":{"footnotes":""},"class_list":["post-4464","page","type-page","status-publish","hentry"],"_links":{"self":[{"href":"https:\/\/cvnfront.hu\/en\/wp-json\/wp\/v2\/pages\/4464","targetHints":{"allow":["GET"]}}],"collection":[{"href":"https:\/\/cvnfront.hu\/en\/wp-json\/wp\/v2\/pages"}],"about":[{"href":"https:\/\/cvnfront.hu\/en\/wp-json\/wp\/v2\/types\/page"}],"author":[{"embeddable":true,"href":"https:\/\/cvnfront.hu\/en\/wp-json\/wp\/v2\/users\/1"}],"replies":[{"embeddable":true,"href":"https:\/\/cvnfront.hu\/en\/wp-json\/wp\/v2\/comments?post=4464"}],"version-history":[{"count":75,"href":"https:\/\/cvnfront.hu\/en\/wp-json\/wp\/v2\/pages\/4464\/revisions"}],"predecessor-version":[{"id":6429,"href":"https:\/\/cvnfront.hu\/en\/wp-json\/wp\/v2\/pages\/4464\/revisions\/6429"}],"wp:attachment":[{"href":"https:\/\/cvnfront.hu\/en\/wp-json\/wp\/v2\/media?parent=4464"}],"curies":[{"name":"wp","href":"https:\/\/api.w.org\/{rel}","templated":true}]}}