{"id":5489,"date":"2023-11-09T13:54:53","date_gmt":"2023-11-09T11:54:53","guid":{"rendered":"https:\/\/cvnfront.hu\/?page_id=5489"},"modified":"2026-04-23T22:21:09","modified_gmt":"2026-04-23T20:21:09","slug":"elzaras-tipusok","status":"publish","type":"page","link":"https:\/\/cvnfront.hu\/en\/rolunk\/elzaras-tipusok\/","title":{"rendered":"Edge closure types"},"content":{"rendered":"<div data-elementor-type=\"wp-page\" data-elementor-id=\"5489\" class=\"elementor elementor-5489\" data-elementor-post-type=\"page\">\n\t\t\t\t\t\t<section class=\"elementor-section elementor-top-section elementor-element elementor-element-701662e elementor-section-boxed elementor-section-height-default elementor-section-height-default\" data-id=\"701662e\" data-element_type=\"section\" data-e-type=\"section\">\n\t\t\t\t\t\t<div class=\"elementor-container elementor-column-gap-default\">\n\t\t\t\t\t<div class=\"elementor-column elementor-col-100 elementor-top-column elementor-element elementor-element-0e905ed\" data-id=\"0e905ed\" data-element_type=\"column\" data-e-type=\"column\">\n\t\t\t<div class=\"elementor-widget-wrap elementor-element-populated\">\n\t\t\t\t\t\t<div class=\"elementor-element elementor-element-79f3d30 elementor-widget elementor-widget-heading\" data-id=\"79f3d30\" data-element_type=\"widget\" data-e-type=\"widget\" data-widget_type=\"heading.default\">\n\t\t\t\t<div class=\"elementor-widget-container\">\n\t\t\t\t\t<h1 class=\"elementor-heading-title elementor-size-default\">CVN Acrylfront edge seal types<\/h1>\t\t\t\t<\/div>\n\t\t\t\t<\/div>\n\t\t\t\t\t<\/div>\n\t\t<\/div>\n\t\t\t\t\t<\/div>\n\t\t<\/section>\n\t\t\t\t<section class=\"elementor-section elementor-top-section elementor-element elementor-element-92c0203 elementor-section-boxed elementor-section-height-default elementor-section-height-default\" data-id=\"92c0203\" data-element_type=\"section\" data-e-type=\"section\">\n\t\t\t\t\t\t<div class=\"elementor-container elementor-column-gap-default\">\n\t\t\t\t\t<div class=\"elementor-column elementor-col-100 elementor-top-column elementor-element elementor-element-aef7a68\" data-id=\"aef7a68\" data-element_type=\"column\" data-e-type=\"column\">\n\t\t\t<div class=\"elementor-widget-wrap elementor-element-populated\">\n\t\t\t\t\t\t<div class=\"elementor-element elementor-element-65d78e1 elementor-widget elementor-widget-heading\" data-id=\"65d78e1\" data-element_type=\"widget\" data-e-type=\"widget\" data-widget_type=\"heading.default\">\n\t\t\t\t<div class=\"elementor-widget-container\">\n\t\t\t\t\t<h2 class=\"elementor-heading-title elementor-size-default\">Learn about our edge closure types:<\/h2>\t\t\t\t<\/div>\n\t\t\t\t<\/div>\n\t\t\t\t\t<\/div>\n\t\t<\/div>\n\t\t\t\t\t<\/div>\n\t\t<\/section>\n\t\t\t\t<section class=\"elementor-section elementor-top-section elementor-element elementor-element-fb14a2b elementor-section-boxed elementor-section-height-default elementor-section-height-default\" data-id=\"fb14a2b\" data-element_type=\"section\" data-e-type=\"section\">\n\t\t\t\t\t\t<div class=\"elementor-container elementor-column-gap-default\">\n\t\t\t\t\t<div class=\"elementor-column elementor-col-100 elementor-top-column elementor-element elementor-element-191e2b0\" data-id=\"191e2b0\" data-element_type=\"column\" data-e-type=\"column\">\n\t\t\t<div class=\"elementor-widget-wrap elementor-element-populated\">\n\t\t\t\t\t\t<div class=\"elementor-element elementor-element-81a1308 elementor-widget elementor-widget-spacer\" data-id=\"81a1308\" data-element_type=\"widget\" data-e-type=\"widget\" data-widget_type=\"spacer.default\">\n\t\t\t\t<div class=\"elementor-widget-container\">\n\t\t\t\t\t\t\t<div class=\"elementor-spacer\">\n\t\t\t<div class=\"elementor-spacer-inner\"><\/div>\n\t\t<\/div>\n\t\t\t\t\t\t<\/div>\n\t\t\t\t<\/div>\n\t\t\t\t<div class=\"elementor-element elementor-element-a2b4667 elementor-widget elementor-widget-image\" data-id=\"a2b4667\" data-element_type=\"widget\" data-e-type=\"widget\" data-widget_type=\"image.default\">\n\t\t\t\t<div class=\"elementor-widget-container\">\n\t\t\t\t\t\t\t\t\t\t\t\t\t\t\t\t<a href=\"\/wp-content\/uploads\/2026\/04\/CVN-ACRYL-elzaras-tipusai.pdf\" target=\"_blank\">\n\t\t\t\t\t\t\t<img decoding=\"async\" width=\"128\" height=\"128\" src=\"https:\/\/cvnfront.hu\/wp-content\/uploads\/2023\/04\/pdf-icon-1.png\" class=\"attachment-large size-large wp-image-4950\" alt=\"\" srcset=\"https:\/\/cvnfront.hu\/wp-content\/uploads\/2023\/04\/pdf-icon-1.png 128w, https:\/\/cvnfront.hu\/wp-content\/uploads\/2023\/04\/pdf-icon-1-100x100.png 100w\" sizes=\"(max-width: 128px) 100vw, 128px\" \/>\t\t\t\t\t\t\t\t<\/a>\n\t\t\t\t\t\t\t\t\t\t\t\t\t\t\t<\/div>\n\t\t\t\t<\/div>\n\t\t\t\t<div class=\"elementor-element elementor-element-33f75b1 elementor-widget elementor-widget-text-editor\" data-id=\"33f75b1\" data-element_type=\"widget\" data-e-type=\"widget\" data-widget_type=\"text-editor.default\">\n\t\t\t\t<div class=\"elementor-widget-container\">\n\t\t\t\t\t\t\t\t\t<p style=\"text-align: center;\">Download edge closure types in PDF format.<\/p>\t\t\t\t\t\t\t\t<\/div>\n\t\t\t\t<\/div>\n\t\t\t\t\t<\/div>\n\t\t<\/div>\n\t\t\t\t\t<\/div>\n\t\t<\/section>\n\t\t\t\t<\/div>","protected":false},"excerpt":{"rendered":"<p>CVN Acrylfront \u00e9lz\u00e1r\u00e1s t\u00edpusai Ismerd meg \u00e9lz\u00e1r\u00e1s t\u00edpusainkat: Let\u00f6lthet\u0151 PDF form\u00e1tum\u00fa \u00e9lz\u00e1r\u00e1st\u00edpusok.<\/p>","protected":false},"author":3,"featured_media":0,"parent":1937,"menu_order":0,"comment_status":"closed","ping_status":"closed","template":"","meta":{"footnotes":""},"class_list":["post-5489","page","type-page","status-publish","hentry"],"_links":{"self":[{"href":"https:\/\/cvnfront.hu\/en\/wp-json\/wp\/v2\/pages\/5489","targetHints":{"allow":["GET"]}}],"collection":[{"href":"https:\/\/cvnfront.hu\/en\/wp-json\/wp\/v2\/pages"}],"about":[{"href":"https:\/\/cvnfront.hu\/en\/wp-json\/wp\/v2\/types\/page"}],"author":[{"embeddable":true,"href":"https:\/\/cvnfront.hu\/en\/wp-json\/wp\/v2\/users\/3"}],"replies":[{"embeddable":true,"href":"https:\/\/cvnfront.hu\/en\/wp-json\/wp\/v2\/comments?post=5489"}],"version-history":[{"count":19,"href":"https:\/\/cvnfront.hu\/en\/wp-json\/wp\/v2\/pages\/5489\/revisions"}],"predecessor-version":[{"id":6411,"href":"https:\/\/cvnfront.hu\/en\/wp-json\/wp\/v2\/pages\/5489\/revisions\/6411"}],"up":[{"embeddable":true,"href":"https:\/\/cvnfront.hu\/en\/wp-json\/wp\/v2\/pages\/1937"}],"wp:attachment":[{"href":"https:\/\/cvnfront.hu\/en\/wp-json\/wp\/v2\/media?parent=5489"}],"curies":[{"name":"wp","href":"https:\/\/api.w.org\/{rel}","templated":true}]}}