{"id":4896,"date":"2023-04-13T11:06:08","date_gmt":"2023-04-13T09:06:08","guid":{"rendered":"https:\/\/cvnfront.hu\/?post_type=product&#038;p=4896"},"modified":"2025-07-03T07:27:39","modified_gmt":"2025-07-03T05:27:39","slug":"fenyes-felulet-ocean-blue","status":"publish","type":"product","link":"https:\/\/cvnfront.hu\/en\/product\/fenyes-felulet-ocean-blue\/","title":{"rendered":"C013 F\u00e9nyes fel\u00fclet Ocean Blue"},"content":{"rendered":"<p>The colour palette includes the product range offered by CVN Front, available from direct stock!<\/p>\n<p>Egyedi sz\u00ednek el\u00e9rhet\u0151ek a RAL sz\u00ednsk\u00e1la minden sz\u00edn\u00e9ben, tov\u00e1bbi inform\u00e1ci\u00f3k\u00e9rt keressen el\u00e9rhet\u0151s\u00e9geink egyik\u00e9n!<\/p>\n<p>cikksz\u00e1m: C013<\/p>","protected":false},"excerpt":{"rendered":"<p>A sz\u00ednpaletta a CVN Front \u00e1ltal aj\u00e1nlott, k\u00f6zvetlen rakt\u00e1rk\u00e9szletr\u0151 el\u00e9rhet\u0151 term\u00e9kpalett\u00e1t tartalmazza! Egyedi sz\u00ednek el\u00e9rhet\u0151ek a RAL sz\u00ednsk\u00e1la minden sz\u00edn\u00e9ben, tov\u00e1bbi inform\u00e1ci\u00f3k\u00e9rt keressen el\u00e9rhet\u0151s\u00e9geink egyik\u00e9n! cikksz\u00e1m: C013<\/p>","protected":false},"featured_media":5338,"template":"","meta":[],"product_brand":[],"product_cat":[97,127],"product_tag":[100,99,67,117,111,62,102,122],"class_list":{"0":"post-4896","1":"product","2":"type-product","3":"status-publish","4":"has-post-thumbnail","6":"product_cat-cvn-acryl-front","7":"product_cat-fenyes","8":"product_tag-acryl","9":"product_tag-acrylfront","10":"product_tag-akril","11":"product_tag-akrilfront","12":"product_tag-blue","13":"product_tag-front","14":"product_tag-kek","15":"product_tag-sotet","17":"first","18":"instock","19":"taxable","20":"shipping-taxable","21":"product-type-simple"},"_links":{"self":[{"href":"https:\/\/cvnfront.hu\/en\/wp-json\/wp\/v2\/product\/4896","targetHints":{"allow":["GET"]}}],"collection":[{"href":"https:\/\/cvnfront.hu\/en\/wp-json\/wp\/v2\/product"}],"about":[{"href":"https:\/\/cvnfront.hu\/en\/wp-json\/wp\/v2\/types\/product"}],"wp:featuredmedia":[{"embeddable":true,"href":"https:\/\/cvnfront.hu\/en\/wp-json\/wp\/v2\/media\/5338"}],"wp:attachment":[{"href":"https:\/\/cvnfront.hu\/en\/wp-json\/wp\/v2\/media?parent=4896"}],"wp:term":[{"taxonomy":"product_brand","embeddable":true,"href":"https:\/\/cvnfront.hu\/en\/wp-json\/wp\/v2\/product_brand?post=4896"},{"taxonomy":"product_cat","embeddable":true,"href":"https:\/\/cvnfront.hu\/en\/wp-json\/wp\/v2\/product_cat?post=4896"},{"taxonomy":"product_tag","embeddable":true,"href":"https:\/\/cvnfront.hu\/en\/wp-json\/wp\/v2\/product_tag?post=4896"}],"curies":[{"name":"wp","href":"https:\/\/api.w.org\/{rel}","templated":true}]}}