{"id":4988,"date":"2023-04-22T08:08:35","date_gmt":"2023-04-22T06:08:35","guid":{"rendered":"https:\/\/cvnfront.hu\/?post_type=product&#038;p=4988"},"modified":"2025-07-03T07:17:04","modified_gmt":"2025-07-03T05:17:04","slug":"fenyes-felulet-midnight-black","status":"publish","type":"product","link":"https:\/\/cvnfront.hu\/en\/product\/fenyes-felulet-midnight-black\/","title":{"rendered":"C012 Glossy surface Midnight Black"},"content":{"rendered":"<p>The colour palette includes the product range offered by CVN Front, available from direct stock!<\/p>\n<p>Custom colours are available in all RAL colours, for more information please contact us!<\/p>\n<p>cikksz\u00e1m: C012<\/p>","protected":false},"excerpt":{"rendered":"<p>A sz\u00ednpaletta a CVN Front \u00e1ltal aj\u00e1nlott, k\u00f6zvetlen rakt\u00e1rk\u00e9szletr\u0151 el\u00e9rhet\u0151 term\u00e9kpalett\u00e1t tartalmazza! Egyedi sz\u00ednek el\u00e9rhet\u0151ek a RAL sz\u00ednsk\u00e1la minden sz\u00edn\u00e9ben, tov\u00e1bbi inform\u00e1ci\u00f3k\u00e9rt keressen el\u00e9rhet\u0151s\u00e9geink egyik\u00e9n! cikksz\u00e1m: C012<\/p>","protected":false},"featured_media":5309,"template":"","meta":[],"product_brand":[],"product_cat":[97,127],"product_tag":[100,99,67,117,103,62,122],"class_list":{"0":"post-4988","1":"product","2":"type-product","3":"status-publish","4":"has-post-thumbnail","6":"product_cat-cvn-acryl-front","7":"product_cat-fenyes","8":"product_tag-acryl","9":"product_tag-acrylfront","10":"product_tag-akril","11":"product_tag-akrilfront","12":"product_tag-fekete","13":"product_tag-front","14":"product_tag-sotet","16":"first","17":"instock","18":"taxable","19":"shipping-taxable","20":"product-type-simple"},"_links":{"self":[{"href":"https:\/\/cvnfront.hu\/en\/wp-json\/wp\/v2\/product\/4988","targetHints":{"allow":["GET"]}}],"collection":[{"href":"https:\/\/cvnfront.hu\/en\/wp-json\/wp\/v2\/product"}],"about":[{"href":"https:\/\/cvnfront.hu\/en\/wp-json\/wp\/v2\/types\/product"}],"wp:featuredmedia":[{"embeddable":true,"href":"https:\/\/cvnfront.hu\/en\/wp-json\/wp\/v2\/media\/5309"}],"wp:attachment":[{"href":"https:\/\/cvnfront.hu\/en\/wp-json\/wp\/v2\/media?parent=4988"}],"wp:term":[{"taxonomy":"product_brand","embeddable":true,"href":"https:\/\/cvnfront.hu\/en\/wp-json\/wp\/v2\/product_brand?post=4988"},{"taxonomy":"product_cat","embeddable":true,"href":"https:\/\/cvnfront.hu\/en\/wp-json\/wp\/v2\/product_cat?post=4988"},{"taxonomy":"product_tag","embeddable":true,"href":"https:\/\/cvnfront.hu\/en\/wp-json\/wp\/v2\/product_tag?post=4988"}],"curies":[{"name":"wp","href":"https:\/\/api.w.org\/{rel}","templated":true}]}}