{"id":6347,"date":"2025-11-30T19:19:57","date_gmt":"2025-11-30T17:19:57","guid":{"rendered":"https:\/\/cvnfront.hu\/?post_type=product&#038;p=6347"},"modified":"2025-11-30T20:58:42","modified_gmt":"2025-11-30T18:58:42","slug":"grey-85468-senosan-matt","status":"publish","type":"product","link":"https:\/\/cvnfront.hu\/en\/product\/grey-85468-senosan-matt\/","title":{"rendered":"Grey 85468 Senosan Matt"},"content":{"rendered":"<p>The colour palette includes the product range offered by CVN Front, available from direct stock!<\/p>\n<p>Also available with double-sided acrylic surface, for more information please contact us!<\/p>\n<p>cikksz\u00e1m: Grey 85468 Matt<\/p>","protected":false},"excerpt":{"rendered":"<p>A sz\u00ednpaletta a CVN Front \u00e1ltal aj\u00e1nlott, k\u00f6zvetlen rakt\u00e1rk\u00e9szletr\u0151 el\u00e9rhet\u0151 term\u00e9kpalett\u00e1t tartalmazza! K\u00e9toldalas akrilfel\u00fclettel is rendelhet\u0151, tov\u00e1bbi inform\u00e1ci\u00f3k\u00e9rt keressen el\u00e9rhet\u0151s\u00e9geink egyik\u00e9n! cikksz\u00e1m: Grey 85468 Matt<\/p>","protected":false},"featured_media":6348,"template":"","meta":[],"product_brand":[],"product_cat":[190,189],"product_tag":[100,99,67,117,118,173,98,194,108],"class_list":{"0":"post-6347","1":"product","2":"type-product","3":"status-publish","4":"has-post-thumbnail","6":"product_cat-senosan-acryl","7":"product_cat-senosan-matt","8":"product_tag-acryl","9":"product_tag-acrylfront","10":"product_tag-akril","11":"product_tag-akrilfront","12":"product_tag-gray","13":"product_tag-grey","14":"product_tag-matt","15":"product_tag-senosan","16":"product_tag-szurke","18":"first","19":"instock","20":"taxable","21":"shipping-taxable","22":"product-type-simple"},"_links":{"self":[{"href":"https:\/\/cvnfront.hu\/en\/wp-json\/wp\/v2\/product\/6347","targetHints":{"allow":["GET"]}}],"collection":[{"href":"https:\/\/cvnfront.hu\/en\/wp-json\/wp\/v2\/product"}],"about":[{"href":"https:\/\/cvnfront.hu\/en\/wp-json\/wp\/v2\/types\/product"}],"wp:featuredmedia":[{"embeddable":true,"href":"https:\/\/cvnfront.hu\/en\/wp-json\/wp\/v2\/media\/6348"}],"wp:attachment":[{"href":"https:\/\/cvnfront.hu\/en\/wp-json\/wp\/v2\/media?parent=6347"}],"wp:term":[{"taxonomy":"product_brand","embeddable":true,"href":"https:\/\/cvnfront.hu\/en\/wp-json\/wp\/v2\/product_brand?post=6347"},{"taxonomy":"product_cat","embeddable":true,"href":"https:\/\/cvnfront.hu\/en\/wp-json\/wp\/v2\/product_cat?post=6347"},{"taxonomy":"product_tag","embeddable":true,"href":"https:\/\/cvnfront.hu\/en\/wp-json\/wp\/v2\/product_tag?post=6347"}],"curies":[{"name":"wp","href":"https:\/\/api.w.org\/{rel}","templated":true}]}}